{"id":7,"date":"2018-09-12T05:35:24","date_gmt":"2018-09-12T05:35:24","guid":{"rendered":"https:\/\/www.millidyne.fi\/?page_id=7"},"modified":"2020-02-25T14:16:49","modified_gmt":"2020-02-25T12:16:49","slug":"avalon","status":"publish","type":"page","link":"https:\/\/www.millidyne.fi\/fi\/avalon\/","title":{"rendered":"Avalon<sup>&reg;<\/sup>"},"content":{"rendered":"<p><strong>Avalon<sup>&reg;<\/sup>-teknologia<\/strong><\/p>\n<p>Avalon<sup>&reg;<\/sup>-pinnoiteteknologiassa hy\u00f6dynnet\u00e4\u00e4n uusinta tutkimustietoa ja Millidynen yli kaksi vuosikymment\u00e4 kest\u00e4nytt\u00e4 tuotekehitysosaamista. Teknologiassa yhdistet\u00e4\u00e4n orgaanista ja ep\u00e4orgaanista kemiaa molekyylitasolla. Avalon<sup>&reg;<\/sup>-pinnoitteisiin liittyy keskeisesti jatkuva tuotekehitys Millidyne Oy:n nykyaikaisessa tutkimuslaboratoriossa ja yhteisty\u00f6ss\u00e4 asiakkaiden sek\u00e4 suomalaisten ja muiden eurooppalaisten tutkimuspartnereiden kanssa.<\/p>\n<p>Avalon<sup>&reg;<\/sup>-pinnoitteilla voidaan muuttaa merkitt\u00e4v\u00e4sti pintamateriaalien vuorovaikutusta ymp\u00e4rist\u00f6ns\u00e4 kanssa, mik\u00e4 tarkoittaa mm. pinnan parempaa lian tai prosessikontaminaation hylkivyytt\u00e4 sek\u00e4 erinomaista kemiallista ja ilmastollista kest\u00e4vyytt\u00e4. Asiakkaillemme olemme kehitt\u00e4neet ja kaupallistaneet lukuisia pinnoitetuotteita, joilla on modifioitu my\u00f6s pintojen naarmutuksen kest\u00e4vyytt\u00e4, s\u00e4hk\u00f6n johtavuutta, j\u00e4\u00e4n tarttumista sek\u00e4 optisia ominaisuuksia. Avalon<sup>&reg;<\/sup>-pinnoitteilla tuotetaan merkitt\u00e4v\u00e4\u00e4 lis\u00e4arvoa ja saavutetaan kustannuss\u00e4\u00e4st\u00f6\u00e4 esimerkiksi pienentyneiden huoltokustannusten ja tuotteen pidentyneen elinkaaren muodossa.<\/p>\n<p>Millidynen k\u00e4ytt\u00e4m\u00e4t raaka-aineet ja tuotteet ovat REACH- ja RoHS -normien mukaisia. Osassa Millidynen tuotteita hy\u00f6dynnet\u00e4\u00e4n nanoteknologiaa. N\u00e4iden, kuten kaikkien muidenkin tuotteiden k\u00e4yt\u00f6ss\u00e4, on aina huomioitu pinnoitevalmistajan ja loppuk\u00e4ytt\u00e4j\u00e4n turvallisuus.<\/p>\n","protected":false},"excerpt":{"rendered":"<p>Avalon&reg;-teknologia Avalon&reg;-pinnoiteteknologiassa hy\u00f6dynnet\u00e4\u00e4n uusinta tutkimustietoa ja Millidynen yli kaksi vuosikymment\u00e4 kest\u00e4nytt\u00e4 tuotekehitysosaamista. Teknologiassa yhdistet\u00e4\u00e4n orgaanista ja ep\u00e4orgaanista kemiaa molekyylitasolla. Avalon&reg;-pinnoitteisiin liittyy keskeisesti jatkuva tuotekehitys Millidyne Oy:n nykyaikaisessa tutkimuslaboratoriossa ja yhteisty\u00f6ss\u00e4 asiakkaiden sek\u00e4 suomalaisten ja muiden eurooppalaisten tutkimuspartnereiden kanssa. Avalon&reg;-pinnoitteilla voidaan muuttaa merkitt\u00e4v\u00e4sti pintamateriaalien vuorovaikutusta ymp\u00e4rist\u00f6ns\u00e4 kanssa, mik\u00e4 tarkoittaa mm. pinnan parempaa lian tai prosessikontaminaation hylkivyytt\u00e4&#8230;<\/p>\n","protected":false},"author":1,"featured_media":1123,"parent":0,"menu_order":0,"comment_status":"closed","ping_status":"closed","template":"","meta":{"footnotes":""},"class_list":["post-7","page","type-page","status-publish","has-post-thumbnail","hentry"],"yoast_head":"<!-- This site is optimized with the Yoast SEO plugin v26.9 - https:\/\/yoast.com\/product\/yoast-seo-wordpress\/ -->\n<title>Avalon&reg; teknologia - Millidyne Surface Technology<\/title>\n<meta name=\"description\" content=\"Avalon\u00ae-pinnoiteteknologia hy\u00f6dynt\u00e4\u00e4 uusinta tutkimustietoa ja Millidynen yli kaksi vuosikymment\u00e4 kest\u00e4nytt\u00e4 tuotekehitysosaamista. Lue lis\u00e4\u00e4!\" \/>\n<meta name=\"robots\" content=\"index, follow, max-snippet:-1, max-image-preview:large, max-video-preview:-1\" \/>\n<link rel=\"canonical\" href=\"https:\/\/www.millidyne.fi\/fi\/avalon\/\" \/>\n<meta property=\"og:locale\" content=\"fi_FI\" \/>\n<meta property=\"og:type\" content=\"article\" \/>\n<meta property=\"og:title\" content=\"Avalon&reg; teknologia - Millidyne Surface Technology\" \/>\n<meta property=\"og:description\" content=\"Avalon\u00ae-pinnoiteteknologia hy\u00f6dynt\u00e4\u00e4 uusinta tutkimustietoa ja Millidynen yli kaksi vuosikymment\u00e4 kest\u00e4nytt\u00e4 tuotekehitysosaamista. Lue lis\u00e4\u00e4!\" \/>\n<meta property=\"og:url\" content=\"https:\/\/www.millidyne.fi\/fi\/avalon\/\" \/>\n<meta property=\"og:site_name\" content=\"Millidyne\" \/>\n<meta property=\"article:modified_time\" content=\"2020-02-25T12:16:49+00:00\" \/>\n<meta property=\"og:image\" content=\"https:\/\/www.millidyne.fi\/wp-content\/uploads\/2019\/10\/millidyne_header__0003_Layer-3.jpg\" \/>\n\t<meta property=\"og:image:width\" content=\"1560\" \/>\n\t<meta property=\"og:image:height\" content=\"508\" \/>\n\t<meta property=\"og:image:type\" content=\"image\/jpeg\" \/>\n<meta name=\"twitter:card\" content=\"summary_large_image\" \/>\n<meta name=\"twitter:label1\" content=\"Arvioitu lukuaika\" \/>\n\t<meta name=\"twitter:data1\" content=\"1 minuutti\" \/>\n<script type=\"application\/ld+json\" class=\"yoast-schema-graph\">{\"@context\":\"https:\/\/schema.org\",\"@graph\":[{\"@type\":\"WebPage\",\"@id\":\"https:\/\/www.millidyne.fi\/fi\/avalon\/\",\"url\":\"https:\/\/www.millidyne.fi\/fi\/avalon\/\",\"name\":\"Avalon&reg; teknologia - Millidyne Surface Technology\",\"isPartOf\":{\"@id\":\"https:\/\/www.millidyne.fi\/fi\/#website\"},\"primaryImageOfPage\":{\"@id\":\"https:\/\/www.millidyne.fi\/fi\/avalon\/#primaryimage\"},\"image\":{\"@id\":\"https:\/\/www.millidyne.fi\/fi\/avalon\/#primaryimage\"},\"thumbnailUrl\":\"https:\/\/www.millidyne.fi\/wp-content\/uploads\/2019\/10\/millidyne_header__0003_Layer-3.jpg\",\"datePublished\":\"2018-09-12T05:35:24+00:00\",\"dateModified\":\"2020-02-25T12:16:49+00:00\",\"description\":\"Avalon\u00ae-pinnoiteteknologia hy\u00f6dynt\u00e4\u00e4 uusinta tutkimustietoa ja Millidynen yli kaksi vuosikymment\u00e4 kest\u00e4nytt\u00e4 tuotekehitysosaamista. Lue lis\u00e4\u00e4!\",\"breadcrumb\":{\"@id\":\"https:\/\/www.millidyne.fi\/fi\/avalon\/#breadcrumb\"},\"inLanguage\":\"fi\",\"potentialAction\":[{\"@type\":\"ReadAction\",\"target\":[\"https:\/\/www.millidyne.fi\/fi\/avalon\/\"]}]},{\"@type\":\"ImageObject\",\"inLanguage\":\"fi\",\"@id\":\"https:\/\/www.millidyne.fi\/fi\/avalon\/#primaryimage\",\"url\":\"https:\/\/www.millidyne.fi\/wp-content\/uploads\/2019\/10\/millidyne_header__0003_Layer-3.jpg\",\"contentUrl\":\"https:\/\/www.millidyne.fi\/wp-content\/uploads\/2019\/10\/millidyne_header__0003_Layer-3.jpg\",\"width\":1560,\"height\":508},{\"@type\":\"BreadcrumbList\",\"@id\":\"https:\/\/www.millidyne.fi\/fi\/avalon\/#breadcrumb\",\"itemListElement\":[{\"@type\":\"ListItem\",\"position\":1,\"name\":\"Home\",\"item\":\"https:\/\/www.millidyne.fi\/fi\/\"},{\"@type\":\"ListItem\",\"position\":2,\"name\":\"Avalon&reg;\"}]},{\"@type\":\"WebSite\",\"@id\":\"https:\/\/www.millidyne.fi\/fi\/#website\",\"url\":\"https:\/\/www.millidyne.fi\/fi\/\",\"name\":\"Millidyne\",\"description\":\"Millidyne Oy is a technology company founded in 1997.\",\"publisher\":{\"@id\":\"https:\/\/www.millidyne.fi\/fi\/#organization\"},\"potentialAction\":[{\"@type\":\"SearchAction\",\"target\":{\"@type\":\"EntryPoint\",\"urlTemplate\":\"https:\/\/www.millidyne.fi\/fi\/?s={search_term_string}\"},\"query-input\":{\"@type\":\"PropertyValueSpecification\",\"valueRequired\":true,\"valueName\":\"search_term_string\"}}],\"inLanguage\":\"fi\"},{\"@type\":\"Organization\",\"@id\":\"https:\/\/www.millidyne.fi\/fi\/#organization\",\"name\":\"Millidyne\",\"url\":\"https:\/\/www.millidyne.fi\/fi\/\",\"logo\":{\"@type\":\"ImageObject\",\"inLanguage\":\"fi\",\"@id\":\"https:\/\/www.millidyne.fi\/fi\/#\/schema\/logo\/image\/\",\"url\":\"https:\/\/www.millidyne.fi\/wp-content\/uploads\/2018\/12\/logo.png\",\"contentUrl\":\"https:\/\/www.millidyne.fi\/wp-content\/uploads\/2018\/12\/logo.png\",\"width\":736,\"height\":157,\"caption\":\"Millidyne\"},\"image\":{\"@id\":\"https:\/\/www.millidyne.fi\/fi\/#\/schema\/logo\/image\/\"}}]}<\/script>\n<!-- \/ Yoast SEO plugin. -->","yoast_head_json":{"title":"Avalon&reg; teknologia - Millidyne Surface Technology","description":"Avalon\u00ae-pinnoiteteknologia hy\u00f6dynt\u00e4\u00e4 uusinta tutkimustietoa ja Millidynen yli kaksi vuosikymment\u00e4 kest\u00e4nytt\u00e4 tuotekehitysosaamista. Lue lis\u00e4\u00e4!","robots":{"index":"index","follow":"follow","max-snippet":"max-snippet:-1","max-image-preview":"max-image-preview:large","max-video-preview":"max-video-preview:-1"},"canonical":"https:\/\/www.millidyne.fi\/fi\/avalon\/","og_locale":"fi_FI","og_type":"article","og_title":"Avalon&reg; teknologia - Millidyne Surface Technology","og_description":"Avalon\u00ae-pinnoiteteknologia hy\u00f6dynt\u00e4\u00e4 uusinta tutkimustietoa ja Millidynen yli kaksi vuosikymment\u00e4 kest\u00e4nytt\u00e4 tuotekehitysosaamista. Lue lis\u00e4\u00e4!","og_url":"https:\/\/www.millidyne.fi\/fi\/avalon\/","og_site_name":"Millidyne","article_modified_time":"2020-02-25T12:16:49+00:00","og_image":[{"width":1560,"height":508,"url":"https:\/\/www.millidyne.fi\/wp-content\/uploads\/2019\/10\/millidyne_header__0003_Layer-3.jpg","type":"image\/jpeg"}],"twitter_card":"summary_large_image","twitter_misc":{"Arvioitu lukuaika":"1 minuutti"},"schema":{"@context":"https:\/\/schema.org","@graph":[{"@type":"WebPage","@id":"https:\/\/www.millidyne.fi\/fi\/avalon\/","url":"https:\/\/www.millidyne.fi\/fi\/avalon\/","name":"Avalon&reg; teknologia - Millidyne Surface Technology","isPartOf":{"@id":"https:\/\/www.millidyne.fi\/fi\/#website"},"primaryImageOfPage":{"@id":"https:\/\/www.millidyne.fi\/fi\/avalon\/#primaryimage"},"image":{"@id":"https:\/\/www.millidyne.fi\/fi\/avalon\/#primaryimage"},"thumbnailUrl":"https:\/\/www.millidyne.fi\/wp-content\/uploads\/2019\/10\/millidyne_header__0003_Layer-3.jpg","datePublished":"2018-09-12T05:35:24+00:00","dateModified":"2020-02-25T12:16:49+00:00","description":"Avalon\u00ae-pinnoiteteknologia hy\u00f6dynt\u00e4\u00e4 uusinta tutkimustietoa ja Millidynen yli kaksi vuosikymment\u00e4 kest\u00e4nytt\u00e4 tuotekehitysosaamista. Lue lis\u00e4\u00e4!","breadcrumb":{"@id":"https:\/\/www.millidyne.fi\/fi\/avalon\/#breadcrumb"},"inLanguage":"fi","potentialAction":[{"@type":"ReadAction","target":["https:\/\/www.millidyne.fi\/fi\/avalon\/"]}]},{"@type":"ImageObject","inLanguage":"fi","@id":"https:\/\/www.millidyne.fi\/fi\/avalon\/#primaryimage","url":"https:\/\/www.millidyne.fi\/wp-content\/uploads\/2019\/10\/millidyne_header__0003_Layer-3.jpg","contentUrl":"https:\/\/www.millidyne.fi\/wp-content\/uploads\/2019\/10\/millidyne_header__0003_Layer-3.jpg","width":1560,"height":508},{"@type":"BreadcrumbList","@id":"https:\/\/www.millidyne.fi\/fi\/avalon\/#breadcrumb","itemListElement":[{"@type":"ListItem","position":1,"name":"Home","item":"https:\/\/www.millidyne.fi\/fi\/"},{"@type":"ListItem","position":2,"name":"Avalon&reg;"}]},{"@type":"WebSite","@id":"https:\/\/www.millidyne.fi\/fi\/#website","url":"https:\/\/www.millidyne.fi\/fi\/","name":"Millidyne","description":"Millidyne Oy is a technology company founded in 1997.","publisher":{"@id":"https:\/\/www.millidyne.fi\/fi\/#organization"},"potentialAction":[{"@type":"SearchAction","target":{"@type":"EntryPoint","urlTemplate":"https:\/\/www.millidyne.fi\/fi\/?s={search_term_string}"},"query-input":{"@type":"PropertyValueSpecification","valueRequired":true,"valueName":"search_term_string"}}],"inLanguage":"fi"},{"@type":"Organization","@id":"https:\/\/www.millidyne.fi\/fi\/#organization","name":"Millidyne","url":"https:\/\/www.millidyne.fi\/fi\/","logo":{"@type":"ImageObject","inLanguage":"fi","@id":"https:\/\/www.millidyne.fi\/fi\/#\/schema\/logo\/image\/","url":"https:\/\/www.millidyne.fi\/wp-content\/uploads\/2018\/12\/logo.png","contentUrl":"https:\/\/www.millidyne.fi\/wp-content\/uploads\/2018\/12\/logo.png","width":736,"height":157,"caption":"Millidyne"},"image":{"@id":"https:\/\/www.millidyne.fi\/fi\/#\/schema\/logo\/image\/"}}]}},"_links":{"self":[{"href":"https:\/\/www.millidyne.fi\/fi\/wp-json\/wp\/v2\/pages\/7","targetHints":{"allow":["GET"]}}],"collection":[{"href":"https:\/\/www.millidyne.fi\/fi\/wp-json\/wp\/v2\/pages"}],"about":[{"href":"https:\/\/www.millidyne.fi\/fi\/wp-json\/wp\/v2\/types\/page"}],"author":[{"embeddable":true,"href":"https:\/\/www.millidyne.fi\/fi\/wp-json\/wp\/v2\/users\/1"}],"replies":[{"embeddable":true,"href":"https:\/\/www.millidyne.fi\/fi\/wp-json\/wp\/v2\/comments?post=7"}],"version-history":[{"count":17,"href":"https:\/\/www.millidyne.fi\/fi\/wp-json\/wp\/v2\/pages\/7\/revisions"}],"predecessor-version":[{"id":1993,"href":"https:\/\/www.millidyne.fi\/fi\/wp-json\/wp\/v2\/pages\/7\/revisions\/1993"}],"wp:featuredmedia":[{"embeddable":true,"href":"https:\/\/www.millidyne.fi\/fi\/wp-json\/wp\/v2\/media\/1123"}],"wp:attachment":[{"href":"https:\/\/www.millidyne.fi\/fi\/wp-json\/wp\/v2\/media?parent=7"}],"curies":[{"name":"wp","href":"https:\/\/api.w.org\/{rel}","templated":true}]}}