{"id":395,"date":"2018-11-28T09:37:30","date_gmt":"2018-11-28T09:37:30","guid":{"rendered":"https:\/\/www.millidyne.fi\/?page_id=395"},"modified":"2020-02-25T14:23:36","modified_gmt":"2020-02-25T12:23:36","slug":"teknologian-siirto","status":"publish","type":"page","link":"https:\/\/www.millidyne.fi\/fi\/palvelut\/teknologian-siirto\/","title":{"rendered":"Teknologian siirto"},"content":{"rendered":"\r\n<p>T\u00e4rke\u00e4 osa pinnoitteen tuotteistamista on pinnoitusteknologian siirt\u00e4minen asiakkaan k\u00e4ytt\u00f6\u00f6n. Pinnoitusprosessin vaatimukset vaihtelevat k\u00e4ytt\u00f6kohteittain muun muassa pinnoitteen applikointi- ja muodostustavan osalta. Millidynell\u00e4 on kokemusta vaativien 3D-kappaleiden pinnoituslinjastojen toimittamisesta yhteisty\u00f6ss\u00e4 kumppaneiden kanssa. Mahdollisen olemassa olevan pinnoituslinjaston k\u00e4ytt\u00f6mahdollisuudet kartoitetaan ja muutostarpeet selvitet\u00e4\u00e4n yhdess\u00e4 asiakkaan kanssa.<\/p>\r\n\r\n\r\n\r\n<p>&nbsp;<\/p>\r\n","protected":false},"excerpt":{"rendered":"<p>T\u00e4rke\u00e4 osa pinnoitteen tuotteistamista on pinnoitusteknologian siirt\u00e4minen asiakkaan k\u00e4ytt\u00f6\u00f6n. Pinnoitusprosessin vaatimukset vaihtelevat k\u00e4ytt\u00f6kohteittain muun muassa pinnoitteen applikointi- ja muodostustavan osalta. Millidynell\u00e4 on kokemusta vaativien 3D-kappaleiden pinnoituslinjastojen toimittamisesta yhteisty\u00f6ss\u00e4 kumppaneiden kanssa. Mahdollisen olemassa olevan pinnoituslinjaston k\u00e4ytt\u00f6mahdollisuudet kartoitetaan ja muutostarpeet selvitet\u00e4\u00e4n yhdess\u00e4 asiakkaan kanssa. &nbsp;<\/p>\n","protected":false},"author":1,"featured_media":208,"parent":90,"menu_order":0,"comment_status":"closed","ping_status":"closed","template":"","meta":{"footnotes":""},"class_list":["post-395","page","type-page","status-publish","has-post-thumbnail","hentry"],"yoast_head":"<!-- This site is optimized with the Yoast SEO plugin v26.9 - https:\/\/yoast.com\/product\/yoast-seo-wordpress\/ -->\n<title>Teknologian siirto - Millidyne Surface Technology - Tutustu palveluun<\/title>\n<meta name=\"description\" content=\"Pinnoitusteknologian siirt\u00e4minen asiakkaan k\u00e4ytt\u00f6\u00f6n on t\u00e4rke\u00e4 osa pinnoitteen tuotteistamista. Tarvitsetko teknologian siirtoa? Ota yhteytt\u00e4 Millidyneen.\" \/>\n<meta name=\"robots\" content=\"index, follow, max-snippet:-1, max-image-preview:large, max-video-preview:-1\" \/>\n<link rel=\"canonical\" href=\"https:\/\/www.millidyne.fi\/fi\/palvelut\/teknologian-siirto\/\" \/>\n<meta property=\"og:locale\" content=\"fi_FI\" \/>\n<meta property=\"og:type\" content=\"article\" \/>\n<meta property=\"og:title\" content=\"Teknologian siirto - Millidyne Surface Technology - Tutustu palveluun\" \/>\n<meta property=\"og:description\" content=\"Pinnoitusteknologian siirt\u00e4minen asiakkaan k\u00e4ytt\u00f6\u00f6n on t\u00e4rke\u00e4 osa pinnoitteen tuotteistamista. Tarvitsetko teknologian siirtoa? Ota yhteytt\u00e4 Millidyneen.\" \/>\n<meta property=\"og:url\" content=\"https:\/\/www.millidyne.fi\/fi\/palvelut\/teknologian-siirto\/\" \/>\n<meta property=\"og:site_name\" content=\"Millidyne\" \/>\n<meta property=\"article:modified_time\" content=\"2020-02-25T12:23:36+00:00\" \/>\n<meta property=\"og:image\" content=\"https:\/\/www.millidyne.fi\/wp-content\/uploads\/2018\/09\/Kuvat_0004_tiivistysaineet.jpg\" \/>\n\t<meta property=\"og:image:width\" content=\"1560\" \/>\n\t<meta property=\"og:image:height\" content=\"508\" \/>\n\t<meta property=\"og:image:type\" content=\"image\/jpeg\" \/>\n<meta name=\"twitter:card\" content=\"summary_large_image\" \/>\n<script type=\"application\/ld+json\" class=\"yoast-schema-graph\">{\"@context\":\"https:\/\/schema.org\",\"@graph\":[{\"@type\":\"WebPage\",\"@id\":\"https:\/\/www.millidyne.fi\/fi\/palvelut\/teknologian-siirto\/\",\"url\":\"https:\/\/www.millidyne.fi\/fi\/palvelut\/teknologian-siirto\/\",\"name\":\"Teknologian siirto - Millidyne Surface Technology - Tutustu palveluun\",\"isPartOf\":{\"@id\":\"https:\/\/www.millidyne.fi\/fi\/#website\"},\"primaryImageOfPage\":{\"@id\":\"https:\/\/www.millidyne.fi\/fi\/palvelut\/teknologian-siirto\/#primaryimage\"},\"image\":{\"@id\":\"https:\/\/www.millidyne.fi\/fi\/palvelut\/teknologian-siirto\/#primaryimage\"},\"thumbnailUrl\":\"https:\/\/www.millidyne.fi\/wp-content\/uploads\/2018\/09\/Kuvat_0004_tiivistysaineet.jpg\",\"datePublished\":\"2018-11-28T09:37:30+00:00\",\"dateModified\":\"2020-02-25T12:23:36+00:00\",\"description\":\"Pinnoitusteknologian siirt\u00e4minen asiakkaan k\u00e4ytt\u00f6\u00f6n on t\u00e4rke\u00e4 osa pinnoitteen tuotteistamista. Tarvitsetko teknologian siirtoa? Ota yhteytt\u00e4 Millidyneen.\",\"breadcrumb\":{\"@id\":\"https:\/\/www.millidyne.fi\/fi\/palvelut\/teknologian-siirto\/#breadcrumb\"},\"inLanguage\":\"fi\",\"potentialAction\":[{\"@type\":\"ReadAction\",\"target\":[\"https:\/\/www.millidyne.fi\/fi\/palvelut\/teknologian-siirto\/\"]}]},{\"@type\":\"ImageObject\",\"inLanguage\":\"fi\",\"@id\":\"https:\/\/www.millidyne.fi\/fi\/palvelut\/teknologian-siirto\/#primaryimage\",\"url\":\"https:\/\/www.millidyne.fi\/wp-content\/uploads\/2018\/09\/Kuvat_0004_tiivistysaineet.jpg\",\"contentUrl\":\"https:\/\/www.millidyne.fi\/wp-content\/uploads\/2018\/09\/Kuvat_0004_tiivistysaineet.jpg\",\"width\":1560,\"height\":508},{\"@type\":\"BreadcrumbList\",\"@id\":\"https:\/\/www.millidyne.fi\/fi\/palvelut\/teknologian-siirto\/#breadcrumb\",\"itemListElement\":[{\"@type\":\"ListItem\",\"position\":1,\"name\":\"Home\",\"item\":\"https:\/\/www.millidyne.fi\/fi\/\"},{\"@type\":\"ListItem\",\"position\":2,\"name\":\"Palvelut\",\"item\":\"https:\/\/www.millidyne.fi\/fi\/palvelut\/\"},{\"@type\":\"ListItem\",\"position\":3,\"name\":\"Teknologian siirto\"}]},{\"@type\":\"WebSite\",\"@id\":\"https:\/\/www.millidyne.fi\/fi\/#website\",\"url\":\"https:\/\/www.millidyne.fi\/fi\/\",\"name\":\"Millidyne\",\"description\":\"Millidyne Oy is a technology company founded in 1997.\",\"publisher\":{\"@id\":\"https:\/\/www.millidyne.fi\/fi\/#organization\"},\"potentialAction\":[{\"@type\":\"SearchAction\",\"target\":{\"@type\":\"EntryPoint\",\"urlTemplate\":\"https:\/\/www.millidyne.fi\/fi\/?s={search_term_string}\"},\"query-input\":{\"@type\":\"PropertyValueSpecification\",\"valueRequired\":true,\"valueName\":\"search_term_string\"}}],\"inLanguage\":\"fi\"},{\"@type\":\"Organization\",\"@id\":\"https:\/\/www.millidyne.fi\/fi\/#organization\",\"name\":\"Millidyne\",\"url\":\"https:\/\/www.millidyne.fi\/fi\/\",\"logo\":{\"@type\":\"ImageObject\",\"inLanguage\":\"fi\",\"@id\":\"https:\/\/www.millidyne.fi\/fi\/#\/schema\/logo\/image\/\",\"url\":\"https:\/\/www.millidyne.fi\/wp-content\/uploads\/2018\/12\/logo.png\",\"contentUrl\":\"https:\/\/www.millidyne.fi\/wp-content\/uploads\/2018\/12\/logo.png\",\"width\":736,\"height\":157,\"caption\":\"Millidyne\"},\"image\":{\"@id\":\"https:\/\/www.millidyne.fi\/fi\/#\/schema\/logo\/image\/\"}}]}<\/script>\n<!-- \/ Yoast SEO plugin. -->","yoast_head_json":{"title":"Teknologian siirto - Millidyne Surface Technology - Tutustu palveluun","description":"Pinnoitusteknologian siirt\u00e4minen asiakkaan k\u00e4ytt\u00f6\u00f6n on t\u00e4rke\u00e4 osa pinnoitteen tuotteistamista. Tarvitsetko teknologian siirtoa? Ota yhteytt\u00e4 Millidyneen.","robots":{"index":"index","follow":"follow","max-snippet":"max-snippet:-1","max-image-preview":"max-image-preview:large","max-video-preview":"max-video-preview:-1"},"canonical":"https:\/\/www.millidyne.fi\/fi\/palvelut\/teknologian-siirto\/","og_locale":"fi_FI","og_type":"article","og_title":"Teknologian siirto - Millidyne Surface Technology - Tutustu palveluun","og_description":"Pinnoitusteknologian siirt\u00e4minen asiakkaan k\u00e4ytt\u00f6\u00f6n on t\u00e4rke\u00e4 osa pinnoitteen tuotteistamista. Tarvitsetko teknologian siirtoa? Ota yhteytt\u00e4 Millidyneen.","og_url":"https:\/\/www.millidyne.fi\/fi\/palvelut\/teknologian-siirto\/","og_site_name":"Millidyne","article_modified_time":"2020-02-25T12:23:36+00:00","og_image":[{"width":1560,"height":508,"url":"https:\/\/www.millidyne.fi\/wp-content\/uploads\/2018\/09\/Kuvat_0004_tiivistysaineet.jpg","type":"image\/jpeg"}],"twitter_card":"summary_large_image","schema":{"@context":"https:\/\/schema.org","@graph":[{"@type":"WebPage","@id":"https:\/\/www.millidyne.fi\/fi\/palvelut\/teknologian-siirto\/","url":"https:\/\/www.millidyne.fi\/fi\/palvelut\/teknologian-siirto\/","name":"Teknologian siirto - Millidyne Surface Technology - Tutustu palveluun","isPartOf":{"@id":"https:\/\/www.millidyne.fi\/fi\/#website"},"primaryImageOfPage":{"@id":"https:\/\/www.millidyne.fi\/fi\/palvelut\/teknologian-siirto\/#primaryimage"},"image":{"@id":"https:\/\/www.millidyne.fi\/fi\/palvelut\/teknologian-siirto\/#primaryimage"},"thumbnailUrl":"https:\/\/www.millidyne.fi\/wp-content\/uploads\/2018\/09\/Kuvat_0004_tiivistysaineet.jpg","datePublished":"2018-11-28T09:37:30+00:00","dateModified":"2020-02-25T12:23:36+00:00","description":"Pinnoitusteknologian siirt\u00e4minen asiakkaan k\u00e4ytt\u00f6\u00f6n on t\u00e4rke\u00e4 osa pinnoitteen tuotteistamista. Tarvitsetko teknologian siirtoa? Ota yhteytt\u00e4 Millidyneen.","breadcrumb":{"@id":"https:\/\/www.millidyne.fi\/fi\/palvelut\/teknologian-siirto\/#breadcrumb"},"inLanguage":"fi","potentialAction":[{"@type":"ReadAction","target":["https:\/\/www.millidyne.fi\/fi\/palvelut\/teknologian-siirto\/"]}]},{"@type":"ImageObject","inLanguage":"fi","@id":"https:\/\/www.millidyne.fi\/fi\/palvelut\/teknologian-siirto\/#primaryimage","url":"https:\/\/www.millidyne.fi\/wp-content\/uploads\/2018\/09\/Kuvat_0004_tiivistysaineet.jpg","contentUrl":"https:\/\/www.millidyne.fi\/wp-content\/uploads\/2018\/09\/Kuvat_0004_tiivistysaineet.jpg","width":1560,"height":508},{"@type":"BreadcrumbList","@id":"https:\/\/www.millidyne.fi\/fi\/palvelut\/teknologian-siirto\/#breadcrumb","itemListElement":[{"@type":"ListItem","position":1,"name":"Home","item":"https:\/\/www.millidyne.fi\/fi\/"},{"@type":"ListItem","position":2,"name":"Palvelut","item":"https:\/\/www.millidyne.fi\/fi\/palvelut\/"},{"@type":"ListItem","position":3,"name":"Teknologian siirto"}]},{"@type":"WebSite","@id":"https:\/\/www.millidyne.fi\/fi\/#website","url":"https:\/\/www.millidyne.fi\/fi\/","name":"Millidyne","description":"Millidyne Oy is a technology company founded in 1997.","publisher":{"@id":"https:\/\/www.millidyne.fi\/fi\/#organization"},"potentialAction":[{"@type":"SearchAction","target":{"@type":"EntryPoint","urlTemplate":"https:\/\/www.millidyne.fi\/fi\/?s={search_term_string}"},"query-input":{"@type":"PropertyValueSpecification","valueRequired":true,"valueName":"search_term_string"}}],"inLanguage":"fi"},{"@type":"Organization","@id":"https:\/\/www.millidyne.fi\/fi\/#organization","name":"Millidyne","url":"https:\/\/www.millidyne.fi\/fi\/","logo":{"@type":"ImageObject","inLanguage":"fi","@id":"https:\/\/www.millidyne.fi\/fi\/#\/schema\/logo\/image\/","url":"https:\/\/www.millidyne.fi\/wp-content\/uploads\/2018\/12\/logo.png","contentUrl":"https:\/\/www.millidyne.fi\/wp-content\/uploads\/2018\/12\/logo.png","width":736,"height":157,"caption":"Millidyne"},"image":{"@id":"https:\/\/www.millidyne.fi\/fi\/#\/schema\/logo\/image\/"}}]}},"_links":{"self":[{"href":"https:\/\/www.millidyne.fi\/fi\/wp-json\/wp\/v2\/pages\/395","targetHints":{"allow":["GET"]}}],"collection":[{"href":"https:\/\/www.millidyne.fi\/fi\/wp-json\/wp\/v2\/pages"}],"about":[{"href":"https:\/\/www.millidyne.fi\/fi\/wp-json\/wp\/v2\/types\/page"}],"author":[{"embeddable":true,"href":"https:\/\/www.millidyne.fi\/fi\/wp-json\/wp\/v2\/users\/1"}],"replies":[{"embeddable":true,"href":"https:\/\/www.millidyne.fi\/fi\/wp-json\/wp\/v2\/comments?post=395"}],"version-history":[{"count":7,"href":"https:\/\/www.millidyne.fi\/fi\/wp-json\/wp\/v2\/pages\/395\/revisions"}],"predecessor-version":[{"id":1777,"href":"https:\/\/www.millidyne.fi\/fi\/wp-json\/wp\/v2\/pages\/395\/revisions\/1777"}],"up":[{"embeddable":true,"href":"https:\/\/www.millidyne.fi\/fi\/wp-json\/wp\/v2\/pages\/90"}],"wp:featuredmedia":[{"embeddable":true,"href":"https:\/\/www.millidyne.fi\/fi\/wp-json\/wp\/v2\/media\/208"}],"wp:attachment":[{"href":"https:\/\/www.millidyne.fi\/fi\/wp-json\/wp\/v2\/media?parent=395"}],"curies":[{"name":"wp","href":"https:\/\/api.w.org\/{rel}","templated":true}]}}