{"id":384,"date":"2018-11-28T09:28:10","date_gmt":"2018-11-28T09:28:10","guid":{"rendered":"https:\/\/www.millidyne.fi\/?page_id=384"},"modified":"2024-04-12T08:40:47","modified_gmt":"2024-04-12T06:40:47","slug":"pinnoitteet","status":"publish","type":"page","link":"https:\/\/www.millidyne.fi\/fi\/avalon\/pinnoitteet\/","title":{"rendered":"Pinnoitteet"},"content":{"rendered":"<p>Avalon<sup>&reg;<\/sup>-pinnoitteiden suurimpia k\u00e4ytt\u00f6kohteita ovat erilaiset teollisuuden sovellukset, joissa pintojen ja laitteiden puhtaana pysyvyytt\u00e4 ja hygieenisyytt\u00e4 halutaan parantaa. Lis\u00e4ksi pinnoitteet parantavat tuotteiden kemiallista kest\u00e4vyytt\u00e4 sek\u00e4 kulumisen kestoa tai tuovat pintaan uusia toiminnallisia ominaisuuksia.<\/p>\n<h2>Avalon<sup>\u00ae<\/sup> -pinnoitteet eri materiaaleille<\/h2>\n<style>.custom-table { width: 100%; max-width: 850px; }.custom-table table tbody tr td  { border-right: 1px solid rgba(0,0,0,.1);}.custom-table table tbody tr td:first-child  { border-right: 0px solid rgba(0,0,0,.1);}.custom-table table tbody tr td:last-child  { border-right: 0px solid rgba(0,0,0,.1);}.custom-table table tbody tr td, .custom-table table tbody tr th { text-align: center; min-width: 80px; }.custom-table table tbody tr td:first-child { text-align: left;}.custom-table table tbody tr th {vertical-align: baseline;}.custom-table table tbody tr th, .custom-table table tbody tr td {padding: 0.4rem 0.5rem;} @media only screen and (max-width: 1350px) {.custom-table {overflow-x: auto;}}<\/style>\n<div class=\"custom-table\">\n<table style=\"width: 54.36%; height: 387px;\">\n<tbody>\n<tr style=\"height: 48px;\">\n<th style=\"width: 4.65%; height: 75px;\"><\/th>\n<th style=\"width: 3.36%; height: 75px;\">Lasi ja lasitetut keraamipinnat<\/th>\n<th style=\"width: 1.45%; height: 75px;\">Kivi-materiaalit<\/th>\n<th style=\"width: 6.11%; height: 75px;\">Sinkitty ter\u00e4s<\/th>\n<th style=\"width: 8.37%; height: 75px;\">Ruostumaton ter\u00e4s<\/th>\n<th style=\"width: 7.97%; height: 75px;\">Alumiini<\/th>\n<th style=\"width: 3.34%; height: 75px;\">Kupari ja kupariseokset<\/th>\n<th style=\"width: 7.11%; height: 75px;\">Muovi- ja maalipinnat<\/th>\n<th style=\"width: 9.48%; height: 75px;\">Tekniset tekstiilit<\/th>\n<\/tr>\n<tr style=\"height: 24px;\">\n<td style=\"width: 4.65%; height: 24px;\"><a href=\"https:\/\/www.millidyne.fi\/wp-content\/uploads\/2024\/04\/Millidyne_AVALON_Glass_FI-1.pdf\" target=\"_blank\" rel=\"noopener noreferrer\"><strong>Glass (pdf)<\/strong><\/a><\/td>\n<td style=\"width: 3.36%; height: 24px;\">X<\/td>\n<td style=\"width: 1.45%; height: 24px;\"><\/td>\n<td style=\"width: 6.11%; height: 24px;\"><\/td>\n<td style=\"width: 8.37%; height: 24px;\"><\/td>\n<td style=\"width: 7.97%; height: 24px;\"><\/td>\n<td style=\"width: 3.34%; height: 24px;\"><\/td>\n<td style=\"width: 7.11%; height: 24px;\"><\/td>\n<td style=\"width: 9.48%; height: 24px;\"><\/td>\n<\/tr>\n<tr style=\"height: 24px;\">\n<td style=\"width: 4.65%; height: 24px;\"><strong><a href=\"https:\/\/www.millidyne.fi\/wp-content\/uploads\/2024\/04\/Millidyne_AVALON_Stone_FI-1.pdf\" target=\"_blank\" rel=\"noopener noreferrer\">Stone (pdf)<\/a><\/strong><\/td>\n<td style=\"width: 3.36%; height: 24px;\">X<\/td>\n<td style=\"width: 1.45%; height: 24px;\">X<\/td>\n<td style=\"width: 6.11%; height: 24px;\"><\/td>\n<td style=\"width: 8.37%; height: 24px;\"><\/td>\n<td style=\"width: 7.97%; height: 24px;\"><\/td>\n<td style=\"width: 3.34%; height: 24px;\"><\/td>\n<td style=\"width: 7.11%; height: 24px;\"><\/td>\n<td style=\"width: 9.48%; height: 24px;\"><\/td>\n<\/tr>\n<tr style=\"height: 24px;\">\n<td style=\"width: 4.65%; height: 24px;\"><strong><a href=\"https:\/\/www.millidyne.fi\/wp-content\/uploads\/2020\/12\/AVALON-FM-fin-1.pdf\" target=\"_blank\" rel=\"noopener noreferrer\">FM (pdf)<\/a><\/strong><\/td>\n<td style=\"width: 3.36%; height: 24px;\">X<\/td>\n<td style=\"width: 1.45%; height: 24px;\">X<\/td>\n<td style=\"width: 6.11%; height: 24px;\"><\/td>\n<td style=\"width: 8.37%; height: 24px;\"><\/td>\n<td style=\"width: 7.97%; height: 24px;\"><\/td>\n<td style=\"width: 3.34%; height: 24px;\"><\/td>\n<td style=\"width: 7.11%; height: 24px;\">X<\/td>\n<td style=\"width: 9.48%; height: 24px;\"><\/td>\n<\/tr>\n<tr style=\"height: 24px;\">\n<td style=\"width: 4.65%; height: 24px;\"><strong><a href=\"https:\/\/www.millidyne.fi\/wp-content\/uploads\/2024\/04\/Millidyne_AVALON_Floor_FI.pdf\" target=\"_blank\" rel=\"noopener noreferrer\">Floor (pdf)<\/a><\/strong><\/td>\n<td style=\"width: 3.36%; height: 24px;\">X<\/td>\n<td style=\"width: 1.45%; height: 24px;\">X<\/td>\n<td style=\"width: 6.11%; height: 24px;\"><\/td>\n<td style=\"width: 8.37%; height: 24px;\"><\/td>\n<td style=\"width: 7.97%; height: 24px;\"><\/td>\n<td style=\"width: 3.34%; height: 24px;\"><\/td>\n<td style=\"width: 7.11%; height: 24px;\">X<\/td>\n<td style=\"width: 9.48%; height: 24px;\"><\/td>\n<\/tr>\n<tr style=\"height: 24px;\">\n<td style=\"width: 4.65%; height: 24px;\"><strong><a href=\"https:\/\/www.millidyne.fi\/wp-content\/uploads\/2024\/04\/Millidyne_AVALON_Safire_FI-1.pdf\" target=\"_blank\" rel=\"noopener noreferrer\">Safire (pdf)<\/a><\/strong><\/td>\n<td style=\"width: 3.36%; height: 24px;\"><\/td>\n<td style=\"width: 1.45%; height: 24px;\"><\/td>\n<td style=\"width: 6.11%; height: 24px;\">X<\/td>\n<td style=\"width: 8.37%; height: 24px;\">X<\/td>\n<td style=\"width: 7.97%; height: 24px;\">X<\/td>\n<td style=\"width: 3.34%; height: 24px;\">X<\/td>\n<td style=\"width: 7.11%; height: 24px;\">X<\/td>\n<td style=\"width: 9.48%; height: 24px;\"><\/td>\n<\/tr>\n<tr style=\"height: 24px;\">\n<td style=\"width: 4.65%; height: 24px;\"><strong><a href=\"https:\/\/www.millidyne.fi\/wp-content\/uploads\/2024\/04\/Millidyne_AVALON_Ultime_FI-1.pdf\" target=\"_blank\" rel=\"noopener noreferrer\">Ultime (pdf)<\/a><\/strong><\/td>\n<td style=\"width: 3.36%; height: 24px;\"><\/td>\n<td style=\"width: 1.45%; height: 24px;\"><\/td>\n<td style=\"width: 6.11%; height: 24px;\">X<\/td>\n<td style=\"width: 8.37%; height: 24px;\">X<\/td>\n<td style=\"width: 7.97%; height: 24px;\">X<\/td>\n<td style=\"width: 3.34%; height: 24px;\">X<\/td>\n<td style=\"width: 7.11%; height: 24px;\"><\/td>\n<td style=\"width: 9.48%; height: 24px;\"><\/td>\n<\/tr>\n<tr style=\"height: 48px;\">\n<td style=\"width: 4.65%; height: 48px;\"><strong><a href=\"https:\/\/www.millidyne.fi\/wp-content\/uploads\/2024\/04\/Millidyne_AVALON_Corroguard_FI.pdf\" target=\"_blank\" rel=\"noopener noreferrer\">Corroguard (pdf)<\/a><\/strong><\/td>\n<td style=\"width: 3.36%; height: 48px;\"><\/td>\n<td style=\"width: 1.45%; height: 48px;\"><\/td>\n<td style=\"width: 6.11%; height: 48px;\">X<\/td>\n<td style=\"width: 8.37%; height: 48px;\">X<\/td>\n<td style=\"width: 7.97%; height: 48px;\">X<\/td>\n<td style=\"width: 3.34%; height: 48px;\">X<\/td>\n<td style=\"width: 7.11%; height: 48px;\"><\/td>\n<td style=\"width: 9.48%; height: 48px;\"><\/td>\n<\/tr>\n<tr style=\"height: 24px;\">\n<td style=\"width: 4.65%; height: 24px;\"><strong><a href=\"https:\/\/www.millidyne.fi\/wp-content\/uploads\/2024\/04\/Millidyne_AVALON_Shine_FI-1.pdf\" target=\"_blank\" rel=\"noopener noreferrer\">Shine (pdf)<\/a><\/strong><\/td>\n<td style=\"width: 3.36%; height: 24px;\"><\/td>\n<td style=\"width: 1.45%; height: 24px;\"><\/td>\n<td style=\"width: 6.11%; height: 24px;\"><\/td>\n<td style=\"width: 8.37%; height: 24px;\">X<\/td>\n<td style=\"width: 7.97%; height: 24px;\">X<\/td>\n<td style=\"width: 3.34%; height: 24px;\"><\/td>\n<td style=\"width: 7.11%; height: 24px;\"><\/td>\n<td style=\"width: 9.48%; height: 24px;\"><\/td>\n<\/tr>\n<tr style=\"height: 24px;\">\n<td style=\"width: 4.65%; height: 24px;\"><strong><a href=\"https:\/\/www.millidyne.fi\/wp-content\/uploads\/2024\/04\/Millidyne_AVALON_Plus_FI-1.pdf\" target=\"_blank\" rel=\"noopener noreferrer\">Plus (pdf)<\/a><\/strong><\/td>\n<td style=\"width: 3.36%; height: 24px;\"><\/td>\n<td style=\"width: 1.45%; height: 24px;\"><\/td>\n<td style=\"width: 6.11%; height: 24px;\"><\/td>\n<td style=\"width: 8.37%; height: 24px;\"><\/td>\n<td style=\"width: 7.97%; height: 24px;\"><\/td>\n<td style=\"width: 3.34%; height: 24px;\"><\/td>\n<td style=\"width: 7.11%; height: 24px;\">X<\/td>\n<td style=\"width: 9.48%; height: 24px;\"><\/td>\n<\/tr>\n<tr style=\"height: 24px;\">\n<td style=\"width: 4.65%; height: 24px;\"><strong><a href=\"https:\/\/www.millidyne.fi\/wp-content\/uploads\/2024\/04\/Millidyne_Avalon_SR40_EN-1.pdf\" target=\"_blank\" rel=\"noopener noreferrer\">SR40 (pdf)<\/a><\/strong><\/td>\n<td style=\"width: 3.36%; height: 24px;\"><\/td>\n<td style=\"width: 1.45%; height: 24px;\"><\/td>\n<td style=\"width: 6.11%; height: 24px;\"><\/td>\n<td style=\"width: 8.37%; height: 24px;\"><\/td>\n<td style=\"width: 7.97%; height: 24px;\"><\/td>\n<td style=\"width: 3.34%; height: 24px;\"><\/td>\n<td style=\"width: 7.11%; height: 24px;\">X<\/td>\n<td style=\"width: 9.48%; height: 24px;\"><\/td>\n<\/tr>\n<tr style=\"height: 24px;\">\n<td style=\"width: 4.65%; height: 24px;\"><strong><a href=\"https:\/\/www.millidyne.fi\/wp-content\/uploads\/2024\/04\/Millidyne_AVALON_STex_FI-1.pdf\" target=\"_blank\" rel=\"noopener noreferrer\">STex (pdf)<\/a><\/strong><\/td>\n<td style=\"width: 3.36%; height: 24px;\"><\/td>\n<td style=\"width: 1.45%; height: 24px;\"><\/td>\n<td style=\"width: 6.11%; height: 24px;\"><\/td>\n<td style=\"width: 8.37%; height: 24px;\"><\/td>\n<td style=\"width: 7.97%; height: 24px;\"><\/td>\n<td style=\"width: 3.34%; height: 24px;\"><\/td>\n<td style=\"width: 7.11%; height: 24px;\"><\/td>\n<td style=\"width: 9.48%; height: 24px;\">X<\/td>\n<\/tr>\n<tr style=\"height: 24px;\">\n<td style=\"width: 4.65%; height: 24px;\"><strong><a href=\"https:\/\/www.millidyne.fi\/wp-content\/uploads\/2024\/04\/Millidyne_AVALON_WTex_FI-1.pdf\" target=\"_blank\" rel=\"noopener noreferrer\">WTex (pdf)<\/a><\/strong><\/td>\n<td style=\"width: 3.36%; height: 24px;\"><\/td>\n<td style=\"width: 1.45%; height: 24px;\"><\/td>\n<td style=\"width: 6.11%; height: 24px;\"><\/td>\n<td style=\"width: 8.37%; height: 24px;\"><\/td>\n<td style=\"width: 7.97%; height: 24px;\"><\/td>\n<td style=\"width: 3.34%; height: 24px;\"><\/td>\n<td style=\"width: 7.11%; height: 24px;\"><\/td>\n<td style=\"width: 9.48%; height: 24px;\">X<\/td>\n<\/tr>\n<\/tbody>\n<\/table>\n<\/div>\n<p>&nbsp;<\/p>\n<p><a href=\"https:\/\/www.millidyne.fi\/fi\/palvelut\/\">Kustomoidut tuotteet \u00bb<\/a><\/p>\n<p>Avalon<sup>&reg;<\/sup>-pinnoitteisiin voidaan tuottaa muita erityisominaisuuksia, kuten parantaa naarmutuksen kest\u00e4vyytt\u00e4, v\u00e4hent\u00e4\u00e4 j\u00e4\u00e4n tarttumista sek\u00e4 muuttaa s\u00e4hk\u00f6isi\u00e4 ja optisia ominaisuuksia. Pinnoitteiden ominaisuuksia voidaan r\u00e4\u00e4t\u00e4l\u00f6id\u00e4 asiakkaan spesifikaatioiden mukaisesti. Katso my\u00f6s joitakin <a href=\"https:\/\/www.millidyne.fi\/fi\/success-stories\/\">menestystarinoitamme<\/a>.<\/p>\n","protected":false},"excerpt":{"rendered":"<p>Avalon&reg;-pinnoitteiden suurimpia k\u00e4ytt\u00f6kohteita ovat erilaiset teollisuuden sovellukset, joissa pintojen ja laitteiden puhtaana pysyvyytt\u00e4 ja hygieenisyytt\u00e4 halutaan parantaa. Lis\u00e4ksi pinnoitteet parantavat tuotteiden kemiallista kest\u00e4vyytt\u00e4 sek\u00e4 kulumisen kestoa tai tuovat pintaan uusia toiminnallisia ominaisuuksia. Avalon<sup>&reg;<\/sup> -pinnoitteet eri materiaaleille Lasi ja lasitetut keraamipinnat Kivi-materiaalit Sinkitty ter\u00e4s Ruostumaton ter\u00e4s Alumiini Kupari ja kupariseokset Muovi- ja maalipinnat Tekniset tekstiilit Glass&#8230;<\/p>\n","protected":false},"author":1,"featured_media":1125,"parent":7,"menu_order":0,"comment_status":"closed","ping_status":"closed","template":"","meta":{"footnotes":""},"class_list":["post-384","page","type-page","status-publish","has-post-thumbnail","hentry"],"yoast_head":"<!-- This site is optimized with the Yoast SEO plugin v26.9 - https:\/\/yoast.com\/product\/yoast-seo-wordpress\/ -->\n<title>Avalon\u00ae-pinnoitteet - Millidyne Surface Technology<\/title>\n<meta name=\"description\" content=\"Avalon\u00ae-pinnoitteet mm. parantavat pintojen ja laitteiden puhtaana pysyvyytt\u00e4 ja hygieenisyytt\u00e4 sek\u00e4 kemiallista ja kulumisen kestoa. Lue tuotekuvaukset!\" \/>\n<meta name=\"robots\" content=\"index, follow, max-snippet:-1, max-image-preview:large, max-video-preview:-1\" \/>\n<link rel=\"canonical\" href=\"https:\/\/www.millidyne.fi\/fi\/avalon\/pinnoitteet\/\" \/>\n<meta property=\"og:locale\" content=\"fi_FI\" \/>\n<meta property=\"og:type\" content=\"article\" \/>\n<meta property=\"og:title\" content=\"Avalon\u00ae-pinnoitteet - Millidyne Surface Technology\" \/>\n<meta property=\"og:description\" content=\"Avalon\u00ae-pinnoitteet mm. parantavat pintojen ja laitteiden puhtaana pysyvyytt\u00e4 ja hygieenisyytt\u00e4 sek\u00e4 kemiallista ja kulumisen kestoa. Lue tuotekuvaukset!\" \/>\n<meta property=\"og:url\" content=\"https:\/\/www.millidyne.fi\/fi\/avalon\/pinnoitteet\/\" \/>\n<meta property=\"og:site_name\" content=\"Millidyne\" \/>\n<meta property=\"article:modified_time\" content=\"2024-04-12T06:40:47+00:00\" \/>\n<meta property=\"og:image\" content=\"https:\/\/www.millidyne.fi\/wp-content\/uploads\/2019\/10\/millidyne_header__0004_Layer-2.jpg\" \/>\n\t<meta property=\"og:image:width\" content=\"1560\" \/>\n\t<meta property=\"og:image:height\" content=\"508\" \/>\n\t<meta property=\"og:image:type\" content=\"image\/jpeg\" \/>\n<meta name=\"twitter:card\" content=\"summary_large_image\" \/>\n<meta name=\"twitter:label1\" content=\"Arvioitu lukuaika\" \/>\n\t<meta name=\"twitter:data1\" content=\"1 minuutti\" \/>\n<script type=\"application\/ld+json\" class=\"yoast-schema-graph\">{\"@context\":\"https:\/\/schema.org\",\"@graph\":[{\"@type\":\"WebPage\",\"@id\":\"https:\/\/www.millidyne.fi\/fi\/avalon\/pinnoitteet\/\",\"url\":\"https:\/\/www.millidyne.fi\/fi\/avalon\/pinnoitteet\/\",\"name\":\"Avalon\u00ae-pinnoitteet - Millidyne Surface Technology\",\"isPartOf\":{\"@id\":\"https:\/\/www.millidyne.fi\/fi\/#website\"},\"primaryImageOfPage\":{\"@id\":\"https:\/\/www.millidyne.fi\/fi\/avalon\/pinnoitteet\/#primaryimage\"},\"image\":{\"@id\":\"https:\/\/www.millidyne.fi\/fi\/avalon\/pinnoitteet\/#primaryimage\"},\"thumbnailUrl\":\"https:\/\/www.millidyne.fi\/wp-content\/uploads\/2019\/10\/millidyne_header__0004_Layer-2.jpg\",\"datePublished\":\"2018-11-28T09:28:10+00:00\",\"dateModified\":\"2024-04-12T06:40:47+00:00\",\"description\":\"Avalon\u00ae-pinnoitteet mm. parantavat pintojen ja laitteiden puhtaana pysyvyytt\u00e4 ja hygieenisyytt\u00e4 sek\u00e4 kemiallista ja kulumisen kestoa. Lue tuotekuvaukset!\",\"breadcrumb\":{\"@id\":\"https:\/\/www.millidyne.fi\/fi\/avalon\/pinnoitteet\/#breadcrumb\"},\"inLanguage\":\"fi\",\"potentialAction\":[{\"@type\":\"ReadAction\",\"target\":[\"https:\/\/www.millidyne.fi\/fi\/avalon\/pinnoitteet\/\"]}]},{\"@type\":\"ImageObject\",\"inLanguage\":\"fi\",\"@id\":\"https:\/\/www.millidyne.fi\/fi\/avalon\/pinnoitteet\/#primaryimage\",\"url\":\"https:\/\/www.millidyne.fi\/wp-content\/uploads\/2019\/10\/millidyne_header__0004_Layer-2.jpg\",\"contentUrl\":\"https:\/\/www.millidyne.fi\/wp-content\/uploads\/2019\/10\/millidyne_header__0004_Layer-2.jpg\",\"width\":1560,\"height\":508},{\"@type\":\"BreadcrumbList\",\"@id\":\"https:\/\/www.millidyne.fi\/fi\/avalon\/pinnoitteet\/#breadcrumb\",\"itemListElement\":[{\"@type\":\"ListItem\",\"position\":1,\"name\":\"Home\",\"item\":\"https:\/\/www.millidyne.fi\/fi\/\"},{\"@type\":\"ListItem\",\"position\":2,\"name\":\"Avalon&reg;\",\"item\":\"https:\/\/www.millidyne.fi\/fi\/avalon\/\"},{\"@type\":\"ListItem\",\"position\":3,\"name\":\"Pinnoitteet\"}]},{\"@type\":\"WebSite\",\"@id\":\"https:\/\/www.millidyne.fi\/fi\/#website\",\"url\":\"https:\/\/www.millidyne.fi\/fi\/\",\"name\":\"Millidyne\",\"description\":\"Millidyne Oy is a technology company founded in 1997.\",\"publisher\":{\"@id\":\"https:\/\/www.millidyne.fi\/fi\/#organization\"},\"potentialAction\":[{\"@type\":\"SearchAction\",\"target\":{\"@type\":\"EntryPoint\",\"urlTemplate\":\"https:\/\/www.millidyne.fi\/fi\/?s={search_term_string}\"},\"query-input\":{\"@type\":\"PropertyValueSpecification\",\"valueRequired\":true,\"valueName\":\"search_term_string\"}}],\"inLanguage\":\"fi\"},{\"@type\":\"Organization\",\"@id\":\"https:\/\/www.millidyne.fi\/fi\/#organization\",\"name\":\"Millidyne\",\"url\":\"https:\/\/www.millidyne.fi\/fi\/\",\"logo\":{\"@type\":\"ImageObject\",\"inLanguage\":\"fi\",\"@id\":\"https:\/\/www.millidyne.fi\/fi\/#\/schema\/logo\/image\/\",\"url\":\"https:\/\/www.millidyne.fi\/wp-content\/uploads\/2018\/12\/logo.png\",\"contentUrl\":\"https:\/\/www.millidyne.fi\/wp-content\/uploads\/2018\/12\/logo.png\",\"width\":736,\"height\":157,\"caption\":\"Millidyne\"},\"image\":{\"@id\":\"https:\/\/www.millidyne.fi\/fi\/#\/schema\/logo\/image\/\"}}]}<\/script>\n<!-- \/ Yoast SEO plugin. -->","yoast_head_json":{"title":"Avalon\u00ae-pinnoitteet - Millidyne Surface Technology","description":"Avalon\u00ae-pinnoitteet mm. parantavat pintojen ja laitteiden puhtaana pysyvyytt\u00e4 ja hygieenisyytt\u00e4 sek\u00e4 kemiallista ja kulumisen kestoa. Lue tuotekuvaukset!","robots":{"index":"index","follow":"follow","max-snippet":"max-snippet:-1","max-image-preview":"max-image-preview:large","max-video-preview":"max-video-preview:-1"},"canonical":"https:\/\/www.millidyne.fi\/fi\/avalon\/pinnoitteet\/","og_locale":"fi_FI","og_type":"article","og_title":"Avalon\u00ae-pinnoitteet - Millidyne Surface Technology","og_description":"Avalon\u00ae-pinnoitteet mm. parantavat pintojen ja laitteiden puhtaana pysyvyytt\u00e4 ja hygieenisyytt\u00e4 sek\u00e4 kemiallista ja kulumisen kestoa. Lue tuotekuvaukset!","og_url":"https:\/\/www.millidyne.fi\/fi\/avalon\/pinnoitteet\/","og_site_name":"Millidyne","article_modified_time":"2024-04-12T06:40:47+00:00","og_image":[{"width":1560,"height":508,"url":"https:\/\/www.millidyne.fi\/wp-content\/uploads\/2019\/10\/millidyne_header__0004_Layer-2.jpg","type":"image\/jpeg"}],"twitter_card":"summary_large_image","twitter_misc":{"Arvioitu lukuaika":"1 minuutti"},"schema":{"@context":"https:\/\/schema.org","@graph":[{"@type":"WebPage","@id":"https:\/\/www.millidyne.fi\/fi\/avalon\/pinnoitteet\/","url":"https:\/\/www.millidyne.fi\/fi\/avalon\/pinnoitteet\/","name":"Avalon\u00ae-pinnoitteet - Millidyne Surface Technology","isPartOf":{"@id":"https:\/\/www.millidyne.fi\/fi\/#website"},"primaryImageOfPage":{"@id":"https:\/\/www.millidyne.fi\/fi\/avalon\/pinnoitteet\/#primaryimage"},"image":{"@id":"https:\/\/www.millidyne.fi\/fi\/avalon\/pinnoitteet\/#primaryimage"},"thumbnailUrl":"https:\/\/www.millidyne.fi\/wp-content\/uploads\/2019\/10\/millidyne_header__0004_Layer-2.jpg","datePublished":"2018-11-28T09:28:10+00:00","dateModified":"2024-04-12T06:40:47+00:00","description":"Avalon\u00ae-pinnoitteet mm. parantavat pintojen ja laitteiden puhtaana pysyvyytt\u00e4 ja hygieenisyytt\u00e4 sek\u00e4 kemiallista ja kulumisen kestoa. Lue tuotekuvaukset!","breadcrumb":{"@id":"https:\/\/www.millidyne.fi\/fi\/avalon\/pinnoitteet\/#breadcrumb"},"inLanguage":"fi","potentialAction":[{"@type":"ReadAction","target":["https:\/\/www.millidyne.fi\/fi\/avalon\/pinnoitteet\/"]}]},{"@type":"ImageObject","inLanguage":"fi","@id":"https:\/\/www.millidyne.fi\/fi\/avalon\/pinnoitteet\/#primaryimage","url":"https:\/\/www.millidyne.fi\/wp-content\/uploads\/2019\/10\/millidyne_header__0004_Layer-2.jpg","contentUrl":"https:\/\/www.millidyne.fi\/wp-content\/uploads\/2019\/10\/millidyne_header__0004_Layer-2.jpg","width":1560,"height":508},{"@type":"BreadcrumbList","@id":"https:\/\/www.millidyne.fi\/fi\/avalon\/pinnoitteet\/#breadcrumb","itemListElement":[{"@type":"ListItem","position":1,"name":"Home","item":"https:\/\/www.millidyne.fi\/fi\/"},{"@type":"ListItem","position":2,"name":"Avalon&reg;","item":"https:\/\/www.millidyne.fi\/fi\/avalon\/"},{"@type":"ListItem","position":3,"name":"Pinnoitteet"}]},{"@type":"WebSite","@id":"https:\/\/www.millidyne.fi\/fi\/#website","url":"https:\/\/www.millidyne.fi\/fi\/","name":"Millidyne","description":"Millidyne Oy is a technology company founded in 1997.","publisher":{"@id":"https:\/\/www.millidyne.fi\/fi\/#organization"},"potentialAction":[{"@type":"SearchAction","target":{"@type":"EntryPoint","urlTemplate":"https:\/\/www.millidyne.fi\/fi\/?s={search_term_string}"},"query-input":{"@type":"PropertyValueSpecification","valueRequired":true,"valueName":"search_term_string"}}],"inLanguage":"fi"},{"@type":"Organization","@id":"https:\/\/www.millidyne.fi\/fi\/#organization","name":"Millidyne","url":"https:\/\/www.millidyne.fi\/fi\/","logo":{"@type":"ImageObject","inLanguage":"fi","@id":"https:\/\/www.millidyne.fi\/fi\/#\/schema\/logo\/image\/","url":"https:\/\/www.millidyne.fi\/wp-content\/uploads\/2018\/12\/logo.png","contentUrl":"https:\/\/www.millidyne.fi\/wp-content\/uploads\/2018\/12\/logo.png","width":736,"height":157,"caption":"Millidyne"},"image":{"@id":"https:\/\/www.millidyne.fi\/fi\/#\/schema\/logo\/image\/"}}]}},"_links":{"self":[{"href":"https:\/\/www.millidyne.fi\/fi\/wp-json\/wp\/v2\/pages\/384","targetHints":{"allow":["GET"]}}],"collection":[{"href":"https:\/\/www.millidyne.fi\/fi\/wp-json\/wp\/v2\/pages"}],"about":[{"href":"https:\/\/www.millidyne.fi\/fi\/wp-json\/wp\/v2\/types\/page"}],"author":[{"embeddable":true,"href":"https:\/\/www.millidyne.fi\/fi\/wp-json\/wp\/v2\/users\/1"}],"replies":[{"embeddable":true,"href":"https:\/\/www.millidyne.fi\/fi\/wp-json\/wp\/v2\/comments?post=384"}],"version-history":[{"count":168,"href":"https:\/\/www.millidyne.fi\/fi\/wp-json\/wp\/v2\/pages\/384\/revisions"}],"predecessor-version":[{"id":2327,"href":"https:\/\/www.millidyne.fi\/fi\/wp-json\/wp\/v2\/pages\/384\/revisions\/2327"}],"up":[{"embeddable":true,"href":"https:\/\/www.millidyne.fi\/fi\/wp-json\/wp\/v2\/pages\/7"}],"wp:featuredmedia":[{"embeddable":true,"href":"https:\/\/www.millidyne.fi\/fi\/wp-json\/wp\/v2\/media\/1125"}],"wp:attachment":[{"href":"https:\/\/www.millidyne.fi\/fi\/wp-json\/wp\/v2\/media?parent=384"}],"curies":[{"name":"wp","href":"https:\/\/api.w.org\/{rel}","templated":true}]}}