{"id":325,"date":"2018-10-26T10:08:48","date_gmt":"2018-10-26T10:08:48","guid":{"rendered":"https:\/\/www.millidyne.fi\/?page_id=325"},"modified":"2020-02-25T14:09:03","modified_gmt":"2020-02-25T12:09:03","slug":"sovelluskohteet","status":"publish","type":"page","link":"https:\/\/www.millidyne.fi\/fi\/terminen-ruiskutus\/sovelluskohteet\/","title":{"rendered":"Sovelluskohteet"},"content":{"rendered":"\r\n<p>Neoxid-keraamikomposiittijauheiden t\u00e4rkeimm\u00e4t sovelluskohteet ovat erilaiset kulutukselle ja korroosiolle alttiit sovellukset prosessi-, paino- ja kaivosteollisuudessa.<\/p>\r\n\r\n\r\n\r\n<p>&nbsp;<\/p>\r\n","protected":false},"excerpt":{"rendered":"<p>Neoxid-keraamikomposiittijauheiden t\u00e4rkeimm\u00e4t sovelluskohteet ovat erilaiset kulutukselle ja korroosiolle alttiit sovellukset prosessi-, paino- ja kaivosteollisuudessa. &nbsp;<\/p>\n","protected":false},"author":1,"featured_media":1662,"parent":242,"menu_order":0,"comment_status":"closed","ping_status":"closed","template":"","meta":{"footnotes":""},"class_list":["post-325","page","type-page","status-publish","has-post-thumbnail","hentry"],"yoast_head":"<!-- This site is optimized with the Yoast SEO plugin v26.9 - https:\/\/yoast.com\/product\/yoast-seo-wordpress\/ -->\n<title>Terminen ruiskutus - Tiivistysaineiden Sovelluskohteet - Millidyne<\/title>\n<meta name=\"description\" content=\"Millidynen Neoxid-keraamikomposiittijauheilla on paljon sovelluskohteita, esim. kulutukselle ja korroosiolle alttiit sovellukset. Lue lis\u00e4\u00e4 k\u00e4ytt\u00f6kohteista.\" \/>\n<meta name=\"robots\" content=\"index, follow, max-snippet:-1, max-image-preview:large, max-video-preview:-1\" \/>\n<link rel=\"canonical\" href=\"https:\/\/www.millidyne.fi\/fi\/terminen-ruiskutus\/sovelluskohteet\/\" \/>\n<meta property=\"og:locale\" content=\"fi_FI\" \/>\n<meta property=\"og:type\" content=\"article\" \/>\n<meta property=\"og:title\" content=\"Terminen ruiskutus - Tiivistysaineiden Sovelluskohteet - Millidyne\" \/>\n<meta property=\"og:description\" content=\"Millidynen Neoxid-keraamikomposiittijauheilla on paljon sovelluskohteita, esim. kulutukselle ja korroosiolle alttiit sovellukset. Lue lis\u00e4\u00e4 k\u00e4ytt\u00f6kohteista.\" \/>\n<meta property=\"og:url\" content=\"https:\/\/www.millidyne.fi\/fi\/terminen-ruiskutus\/sovelluskohteet\/\" \/>\n<meta property=\"og:site_name\" content=\"Millidyne\" \/>\n<meta property=\"article:modified_time\" content=\"2020-02-25T12:09:03+00:00\" \/>\n<meta property=\"og:image\" content=\"https:\/\/www.millidyne.fi\/wp-content\/uploads\/2019\/12\/shutterstock_1147925396.jpg\" \/>\n\t<meta property=\"og:image:width\" content=\"3936\" \/>\n\t<meta property=\"og:image:height\" content=\"2624\" \/>\n\t<meta property=\"og:image:type\" content=\"image\/jpeg\" \/>\n<meta name=\"twitter:card\" content=\"summary_large_image\" \/>\n<script type=\"application\/ld+json\" class=\"yoast-schema-graph\">{\"@context\":\"https:\/\/schema.org\",\"@graph\":[{\"@type\":\"WebPage\",\"@id\":\"https:\/\/www.millidyne.fi\/fi\/terminen-ruiskutus\/sovelluskohteet\/\",\"url\":\"https:\/\/www.millidyne.fi\/fi\/terminen-ruiskutus\/sovelluskohteet\/\",\"name\":\"Terminen ruiskutus - Tiivistysaineiden Sovelluskohteet - Millidyne\",\"isPartOf\":{\"@id\":\"https:\/\/www.millidyne.fi\/fi\/#website\"},\"primaryImageOfPage\":{\"@id\":\"https:\/\/www.millidyne.fi\/fi\/terminen-ruiskutus\/sovelluskohteet\/#primaryimage\"},\"image\":{\"@id\":\"https:\/\/www.millidyne.fi\/fi\/terminen-ruiskutus\/sovelluskohteet\/#primaryimage\"},\"thumbnailUrl\":\"https:\/\/www.millidyne.fi\/wp-content\/uploads\/2019\/12\/shutterstock_1147925396.jpg\",\"datePublished\":\"2018-10-26T10:08:48+00:00\",\"dateModified\":\"2020-02-25T12:09:03+00:00\",\"description\":\"Millidynen Neoxid-keraamikomposiittijauheilla on paljon sovelluskohteita, esim. kulutukselle ja korroosiolle alttiit sovellukset. Lue lis\u00e4\u00e4 k\u00e4ytt\u00f6kohteista.\",\"breadcrumb\":{\"@id\":\"https:\/\/www.millidyne.fi\/fi\/terminen-ruiskutus\/sovelluskohteet\/#breadcrumb\"},\"inLanguage\":\"fi\",\"potentialAction\":[{\"@type\":\"ReadAction\",\"target\":[\"https:\/\/www.millidyne.fi\/fi\/terminen-ruiskutus\/sovelluskohteet\/\"]}]},{\"@type\":\"ImageObject\",\"inLanguage\":\"fi\",\"@id\":\"https:\/\/www.millidyne.fi\/fi\/terminen-ruiskutus\/sovelluskohteet\/#primaryimage\",\"url\":\"https:\/\/www.millidyne.fi\/wp-content\/uploads\/2019\/12\/shutterstock_1147925396.jpg\",\"contentUrl\":\"https:\/\/www.millidyne.fi\/wp-content\/uploads\/2019\/12\/shutterstock_1147925396.jpg\",\"width\":3936,\"height\":2624},{\"@type\":\"BreadcrumbList\",\"@id\":\"https:\/\/www.millidyne.fi\/fi\/terminen-ruiskutus\/sovelluskohteet\/#breadcrumb\",\"itemListElement\":[{\"@type\":\"ListItem\",\"position\":1,\"name\":\"Home\",\"item\":\"https:\/\/www.millidyne.fi\/fi\/\"},{\"@type\":\"ListItem\",\"position\":2,\"name\":\"Terminen ruiskutus\",\"item\":\"https:\/\/www.millidyne.fi\/fi\/terminen-ruiskutus\/\"},{\"@type\":\"ListItem\",\"position\":3,\"name\":\"Sovelluskohteet\"}]},{\"@type\":\"WebSite\",\"@id\":\"https:\/\/www.millidyne.fi\/fi\/#website\",\"url\":\"https:\/\/www.millidyne.fi\/fi\/\",\"name\":\"Millidyne\",\"description\":\"Millidyne Oy is a technology company founded in 1997.\",\"publisher\":{\"@id\":\"https:\/\/www.millidyne.fi\/fi\/#organization\"},\"potentialAction\":[{\"@type\":\"SearchAction\",\"target\":{\"@type\":\"EntryPoint\",\"urlTemplate\":\"https:\/\/www.millidyne.fi\/fi\/?s={search_term_string}\"},\"query-input\":{\"@type\":\"PropertyValueSpecification\",\"valueRequired\":true,\"valueName\":\"search_term_string\"}}],\"inLanguage\":\"fi\"},{\"@type\":\"Organization\",\"@id\":\"https:\/\/www.millidyne.fi\/fi\/#organization\",\"name\":\"Millidyne\",\"url\":\"https:\/\/www.millidyne.fi\/fi\/\",\"logo\":{\"@type\":\"ImageObject\",\"inLanguage\":\"fi\",\"@id\":\"https:\/\/www.millidyne.fi\/fi\/#\/schema\/logo\/image\/\",\"url\":\"https:\/\/www.millidyne.fi\/wp-content\/uploads\/2018\/12\/logo.png\",\"contentUrl\":\"https:\/\/www.millidyne.fi\/wp-content\/uploads\/2018\/12\/logo.png\",\"width\":736,\"height\":157,\"caption\":\"Millidyne\"},\"image\":{\"@id\":\"https:\/\/www.millidyne.fi\/fi\/#\/schema\/logo\/image\/\"}}]}<\/script>\n<!-- \/ Yoast SEO plugin. -->","yoast_head_json":{"title":"Terminen ruiskutus - Tiivistysaineiden Sovelluskohteet - Millidyne","description":"Millidynen Neoxid-keraamikomposiittijauheilla on paljon sovelluskohteita, esim. kulutukselle ja korroosiolle alttiit sovellukset. Lue lis\u00e4\u00e4 k\u00e4ytt\u00f6kohteista.","robots":{"index":"index","follow":"follow","max-snippet":"max-snippet:-1","max-image-preview":"max-image-preview:large","max-video-preview":"max-video-preview:-1"},"canonical":"https:\/\/www.millidyne.fi\/fi\/terminen-ruiskutus\/sovelluskohteet\/","og_locale":"fi_FI","og_type":"article","og_title":"Terminen ruiskutus - Tiivistysaineiden Sovelluskohteet - Millidyne","og_description":"Millidynen Neoxid-keraamikomposiittijauheilla on paljon sovelluskohteita, esim. kulutukselle ja korroosiolle alttiit sovellukset. Lue lis\u00e4\u00e4 k\u00e4ytt\u00f6kohteista.","og_url":"https:\/\/www.millidyne.fi\/fi\/terminen-ruiskutus\/sovelluskohteet\/","og_site_name":"Millidyne","article_modified_time":"2020-02-25T12:09:03+00:00","og_image":[{"width":3936,"height":2624,"url":"https:\/\/www.millidyne.fi\/wp-content\/uploads\/2019\/12\/shutterstock_1147925396.jpg","type":"image\/jpeg"}],"twitter_card":"summary_large_image","schema":{"@context":"https:\/\/schema.org","@graph":[{"@type":"WebPage","@id":"https:\/\/www.millidyne.fi\/fi\/terminen-ruiskutus\/sovelluskohteet\/","url":"https:\/\/www.millidyne.fi\/fi\/terminen-ruiskutus\/sovelluskohteet\/","name":"Terminen ruiskutus - Tiivistysaineiden Sovelluskohteet - Millidyne","isPartOf":{"@id":"https:\/\/www.millidyne.fi\/fi\/#website"},"primaryImageOfPage":{"@id":"https:\/\/www.millidyne.fi\/fi\/terminen-ruiskutus\/sovelluskohteet\/#primaryimage"},"image":{"@id":"https:\/\/www.millidyne.fi\/fi\/terminen-ruiskutus\/sovelluskohteet\/#primaryimage"},"thumbnailUrl":"https:\/\/www.millidyne.fi\/wp-content\/uploads\/2019\/12\/shutterstock_1147925396.jpg","datePublished":"2018-10-26T10:08:48+00:00","dateModified":"2020-02-25T12:09:03+00:00","description":"Millidynen Neoxid-keraamikomposiittijauheilla on paljon sovelluskohteita, esim. kulutukselle ja korroosiolle alttiit sovellukset. Lue lis\u00e4\u00e4 k\u00e4ytt\u00f6kohteista.","breadcrumb":{"@id":"https:\/\/www.millidyne.fi\/fi\/terminen-ruiskutus\/sovelluskohteet\/#breadcrumb"},"inLanguage":"fi","potentialAction":[{"@type":"ReadAction","target":["https:\/\/www.millidyne.fi\/fi\/terminen-ruiskutus\/sovelluskohteet\/"]}]},{"@type":"ImageObject","inLanguage":"fi","@id":"https:\/\/www.millidyne.fi\/fi\/terminen-ruiskutus\/sovelluskohteet\/#primaryimage","url":"https:\/\/www.millidyne.fi\/wp-content\/uploads\/2019\/12\/shutterstock_1147925396.jpg","contentUrl":"https:\/\/www.millidyne.fi\/wp-content\/uploads\/2019\/12\/shutterstock_1147925396.jpg","width":3936,"height":2624},{"@type":"BreadcrumbList","@id":"https:\/\/www.millidyne.fi\/fi\/terminen-ruiskutus\/sovelluskohteet\/#breadcrumb","itemListElement":[{"@type":"ListItem","position":1,"name":"Home","item":"https:\/\/www.millidyne.fi\/fi\/"},{"@type":"ListItem","position":2,"name":"Terminen ruiskutus","item":"https:\/\/www.millidyne.fi\/fi\/terminen-ruiskutus\/"},{"@type":"ListItem","position":3,"name":"Sovelluskohteet"}]},{"@type":"WebSite","@id":"https:\/\/www.millidyne.fi\/fi\/#website","url":"https:\/\/www.millidyne.fi\/fi\/","name":"Millidyne","description":"Millidyne Oy is a technology company founded in 1997.","publisher":{"@id":"https:\/\/www.millidyne.fi\/fi\/#organization"},"potentialAction":[{"@type":"SearchAction","target":{"@type":"EntryPoint","urlTemplate":"https:\/\/www.millidyne.fi\/fi\/?s={search_term_string}"},"query-input":{"@type":"PropertyValueSpecification","valueRequired":true,"valueName":"search_term_string"}}],"inLanguage":"fi"},{"@type":"Organization","@id":"https:\/\/www.millidyne.fi\/fi\/#organization","name":"Millidyne","url":"https:\/\/www.millidyne.fi\/fi\/","logo":{"@type":"ImageObject","inLanguage":"fi","@id":"https:\/\/www.millidyne.fi\/fi\/#\/schema\/logo\/image\/","url":"https:\/\/www.millidyne.fi\/wp-content\/uploads\/2018\/12\/logo.png","contentUrl":"https:\/\/www.millidyne.fi\/wp-content\/uploads\/2018\/12\/logo.png","width":736,"height":157,"caption":"Millidyne"},"image":{"@id":"https:\/\/www.millidyne.fi\/fi\/#\/schema\/logo\/image\/"}}]}},"_links":{"self":[{"href":"https:\/\/www.millidyne.fi\/fi\/wp-json\/wp\/v2\/pages\/325","targetHints":{"allow":["GET"]}}],"collection":[{"href":"https:\/\/www.millidyne.fi\/fi\/wp-json\/wp\/v2\/pages"}],"about":[{"href":"https:\/\/www.millidyne.fi\/fi\/wp-json\/wp\/v2\/types\/page"}],"author":[{"embeddable":true,"href":"https:\/\/www.millidyne.fi\/fi\/wp-json\/wp\/v2\/users\/1"}],"replies":[{"embeddable":true,"href":"https:\/\/www.millidyne.fi\/fi\/wp-json\/wp\/v2\/comments?post=325"}],"version-history":[{"count":4,"href":"https:\/\/www.millidyne.fi\/fi\/wp-json\/wp\/v2\/pages\/325\/revisions"}],"predecessor-version":[{"id":919,"href":"https:\/\/www.millidyne.fi\/fi\/wp-json\/wp\/v2\/pages\/325\/revisions\/919"}],"up":[{"embeddable":true,"href":"https:\/\/www.millidyne.fi\/fi\/wp-json\/wp\/v2\/pages\/242"}],"wp:featuredmedia":[{"embeddable":true,"href":"https:\/\/www.millidyne.fi\/fi\/wp-json\/wp\/v2\/media\/1662"}],"wp:attachment":[{"href":"https:\/\/www.millidyne.fi\/fi\/wp-json\/wp\/v2\/media?parent=325"}],"curies":[{"name":"wp","href":"https:\/\/api.w.org\/{rel}","templated":true}]}}