{"id":242,"date":"2018-09-28T07:32:39","date_gmt":"2018-09-28T07:32:39","guid":{"rendered":"https:\/\/www.millidyne.fi\/?page_id=242"},"modified":"2020-03-11T12:57:13","modified_gmt":"2020-03-11T10:57:13","slug":"terminen-ruiskutus","status":"publish","type":"page","link":"https:\/\/www.millidyne.fi\/fi\/terminen-ruiskutus\/","title":{"rendered":"Terminen ruiskutus"},"content":{"rendered":"<p><strong>Teknologia<\/strong><\/p>\n<p>Termisess\u00e4 ruiskutuksessa jauhemainen, lankamainen tai nestem\u00e4inen lis\u00e4aine sy\u00f6tet\u00e4\u00e4n kuumaan liekkiin tai plasmaan, mink\u00e4 seurauksena sulanut partikkeli iskeytyy pinnoitettavaan kappaleeseen ja muodostaa pinnoitteen sulapisaroista nopeasti j\u00e4hmettym\u00e4ll\u00e4.<\/p>\n<p>Millidyne kehitt\u00e4\u00e4 ja valmistaa Neoxid -keraami- ja keraamikomposiittijauheita sek\u00e4 plasma- ett\u00e4 HVOF-ruiskutukseen. Jauheet valmistetaan spraykuivaamalla ja sintraamalla, mik\u00e4 tarjoaa rajattomat kemiallisen koostumuksen muuntelumahdollisuudet sek\u00e4 hyv\u00e4n juoksevuuden. Millidynen Neoxid -jauheilla saavutetaan parempi pinnoitustehokkuus ja kulutuskest\u00e4vyys verrattuna konventionaalisiin jauheisiin.<\/p>\n<p>Jauheiden lis\u00e4ksi Millidyne valmistaa Neoxid LQ -suspensioita ja -prekursoreita eri termisen ruiskutuksen menetelmiin. N\u00e4ist\u00e4 tuotteista voidaan valmistaa ohuita ja tiiviit\u00e4 keraamisia pinnoitteita.<\/p>\n<p>Termisesti ruiskutettujen pinnoitteiden korroosion kest\u00e4vyyden maksimoimiseksi Millidyne on kehitt\u00e4nyt impregnoitavia Neoxid MDS-tiivistysaineita eri korroosioymp\u00e4rist\u00f6ihin ja l\u00e4mp\u00f6tila-alueille.<\/p>\n<p>Millidynen termisen ruiskutuksen lis\u00e4aineita on k\u00e4ytetty muun muassa prosessiteollisuuden vaativissa ymp\u00e4rist\u00f6iss\u00e4 jo yli kahden vuosikymmenen ajan.<\/p>\n<p>Millidynen k\u00e4ytt\u00e4m\u00e4t raaka-aineet ja tuotteet ovat REACH- ja RoHS -normien mukaisia. Osassa Millidynen tuotteita hy\u00f6dynnet\u00e4\u00e4n nanoteknologiaa. N\u00e4iden kuten kaikkien muidenkin tuotteiden k\u00e4yt\u00f6ss\u00e4 on aina huomioitu pinnoitevalmistajan ja loppuk\u00e4ytt\u00e4j\u00e4n turvallisuus.<\/p>\n","protected":false},"excerpt":{"rendered":"<p>Teknologia Termisess\u00e4 ruiskutuksessa jauhemainen, lankamainen tai nestem\u00e4inen lis\u00e4aine sy\u00f6tet\u00e4\u00e4n kuumaan liekkiin tai plasmaan, mink\u00e4 seurauksena sulanut partikkeli iskeytyy pinnoitettavaan kappaleeseen ja muodostaa pinnoitteen sulapisaroista nopeasti j\u00e4hmettym\u00e4ll\u00e4. Millidyne kehitt\u00e4\u00e4 ja valmistaa Neoxid -keraami- ja keraamikomposiittijauheita sek\u00e4 plasma- ett\u00e4 HVOF-ruiskutukseen. Jauheet valmistetaan spraykuivaamalla ja sintraamalla, mik\u00e4 tarjoaa rajattomat kemiallisen koostumuksen muuntelumahdollisuudet sek\u00e4 hyv\u00e4n juoksevuuden. Millidynen Neoxid -jauheilla&#8230;<\/p>\n","protected":false},"author":1,"featured_media":909,"parent":0,"menu_order":0,"comment_status":"closed","ping_status":"closed","template":"","meta":{"footnotes":""},"class_list":["post-242","page","type-page","status-publish","has-post-thumbnail","hentry"],"yoast_head":"<!-- This site is optimized with the Yoast SEO plugin v26.9 - https:\/\/yoast.com\/product\/yoast-seo-wordpress\/ -->\n<title>Terminen ruiskutus - Millidyne Surface Technology - Tutustu teknologiaan<\/title>\n<meta name=\"description\" content=\"Millidyne kehitt\u00e4\u00e4 ja valmistaa Neoxid -keraami- ja keraamikomposiittijauheita sek\u00e4 plasma- ett\u00e4 HVOF-ruiskutukseen. Lue lis\u00e4\u00e4 teknologiasta.\" \/>\n<meta name=\"robots\" content=\"index, follow, max-snippet:-1, max-image-preview:large, max-video-preview:-1\" \/>\n<link rel=\"canonical\" href=\"https:\/\/www.millidyne.fi\/fi\/terminen-ruiskutus\/\" \/>\n<meta property=\"og:locale\" content=\"fi_FI\" \/>\n<meta property=\"og:type\" content=\"article\" \/>\n<meta property=\"og:title\" content=\"Terminen ruiskutus - Millidyne Surface Technology - Tutustu teknologiaan\" \/>\n<meta property=\"og:description\" content=\"Millidyne kehitt\u00e4\u00e4 ja valmistaa Neoxid -keraami- ja keraamikomposiittijauheita sek\u00e4 plasma- ett\u00e4 HVOF-ruiskutukseen. Lue lis\u00e4\u00e4 teknologiasta.\" \/>\n<meta property=\"og:url\" content=\"https:\/\/www.millidyne.fi\/fi\/terminen-ruiskutus\/\" \/>\n<meta property=\"og:site_name\" content=\"Millidyne\" \/>\n<meta property=\"article:modified_time\" content=\"2020-03-11T10:57:13+00:00\" \/>\n<meta property=\"og:image\" content=\"https:\/\/www.millidyne.fi\/wp-content\/uploads\/2019\/08\/DSCN1815-kapea1.jpg\" \/>\n\t<meta property=\"og:image:width\" content=\"2048\" \/>\n\t<meta property=\"og:image:height\" content=\"614\" \/>\n\t<meta property=\"og:image:type\" content=\"image\/jpeg\" \/>\n<meta name=\"twitter:card\" content=\"summary_large_image\" \/>\n<meta name=\"twitter:label1\" content=\"Arvioitu lukuaika\" \/>\n\t<meta name=\"twitter:data1\" content=\"1 minuutti\" \/>\n<script type=\"application\/ld+json\" class=\"yoast-schema-graph\">{\"@context\":\"https:\/\/schema.org\",\"@graph\":[{\"@type\":\"WebPage\",\"@id\":\"https:\/\/www.millidyne.fi\/fi\/terminen-ruiskutus\/\",\"url\":\"https:\/\/www.millidyne.fi\/fi\/terminen-ruiskutus\/\",\"name\":\"Terminen ruiskutus - Millidyne Surface Technology - Tutustu teknologiaan\",\"isPartOf\":{\"@id\":\"https:\/\/www.millidyne.fi\/fi\/#website\"},\"primaryImageOfPage\":{\"@id\":\"https:\/\/www.millidyne.fi\/fi\/terminen-ruiskutus\/#primaryimage\"},\"image\":{\"@id\":\"https:\/\/www.millidyne.fi\/fi\/terminen-ruiskutus\/#primaryimage\"},\"thumbnailUrl\":\"https:\/\/www.millidyne.fi\/wp-content\/uploads\/2019\/08\/DSCN1815-kapea1.jpg\",\"datePublished\":\"2018-09-28T07:32:39+00:00\",\"dateModified\":\"2020-03-11T10:57:13+00:00\",\"description\":\"Millidyne kehitt\u00e4\u00e4 ja valmistaa Neoxid -keraami- ja keraamikomposiittijauheita sek\u00e4 plasma- ett\u00e4 HVOF-ruiskutukseen. Lue lis\u00e4\u00e4 teknologiasta.\",\"breadcrumb\":{\"@id\":\"https:\/\/www.millidyne.fi\/fi\/terminen-ruiskutus\/#breadcrumb\"},\"inLanguage\":\"fi\",\"potentialAction\":[{\"@type\":\"ReadAction\",\"target\":[\"https:\/\/www.millidyne.fi\/fi\/terminen-ruiskutus\/\"]}]},{\"@type\":\"ImageObject\",\"inLanguage\":\"fi\",\"@id\":\"https:\/\/www.millidyne.fi\/fi\/terminen-ruiskutus\/#primaryimage\",\"url\":\"https:\/\/www.millidyne.fi\/wp-content\/uploads\/2019\/08\/DSCN1815-kapea1.jpg\",\"contentUrl\":\"https:\/\/www.millidyne.fi\/wp-content\/uploads\/2019\/08\/DSCN1815-kapea1.jpg\",\"width\":2048,\"height\":614},{\"@type\":\"BreadcrumbList\",\"@id\":\"https:\/\/www.millidyne.fi\/fi\/terminen-ruiskutus\/#breadcrumb\",\"itemListElement\":[{\"@type\":\"ListItem\",\"position\":1,\"name\":\"Home\",\"item\":\"https:\/\/www.millidyne.fi\/fi\/\"},{\"@type\":\"ListItem\",\"position\":2,\"name\":\"Terminen ruiskutus\"}]},{\"@type\":\"WebSite\",\"@id\":\"https:\/\/www.millidyne.fi\/fi\/#website\",\"url\":\"https:\/\/www.millidyne.fi\/fi\/\",\"name\":\"Millidyne\",\"description\":\"Millidyne Oy is a technology company founded in 1997.\",\"publisher\":{\"@id\":\"https:\/\/www.millidyne.fi\/fi\/#organization\"},\"potentialAction\":[{\"@type\":\"SearchAction\",\"target\":{\"@type\":\"EntryPoint\",\"urlTemplate\":\"https:\/\/www.millidyne.fi\/fi\/?s={search_term_string}\"},\"query-input\":{\"@type\":\"PropertyValueSpecification\",\"valueRequired\":true,\"valueName\":\"search_term_string\"}}],\"inLanguage\":\"fi\"},{\"@type\":\"Organization\",\"@id\":\"https:\/\/www.millidyne.fi\/fi\/#organization\",\"name\":\"Millidyne\",\"url\":\"https:\/\/www.millidyne.fi\/fi\/\",\"logo\":{\"@type\":\"ImageObject\",\"inLanguage\":\"fi\",\"@id\":\"https:\/\/www.millidyne.fi\/fi\/#\/schema\/logo\/image\/\",\"url\":\"https:\/\/www.millidyne.fi\/wp-content\/uploads\/2018\/12\/logo.png\",\"contentUrl\":\"https:\/\/www.millidyne.fi\/wp-content\/uploads\/2018\/12\/logo.png\",\"width\":736,\"height\":157,\"caption\":\"Millidyne\"},\"image\":{\"@id\":\"https:\/\/www.millidyne.fi\/fi\/#\/schema\/logo\/image\/\"}}]}<\/script>\n<!-- \/ Yoast SEO plugin. -->","yoast_head_json":{"title":"Terminen ruiskutus - Millidyne Surface Technology - Tutustu teknologiaan","description":"Millidyne kehitt\u00e4\u00e4 ja valmistaa Neoxid -keraami- ja keraamikomposiittijauheita sek\u00e4 plasma- ett\u00e4 HVOF-ruiskutukseen. Lue lis\u00e4\u00e4 teknologiasta.","robots":{"index":"index","follow":"follow","max-snippet":"max-snippet:-1","max-image-preview":"max-image-preview:large","max-video-preview":"max-video-preview:-1"},"canonical":"https:\/\/www.millidyne.fi\/fi\/terminen-ruiskutus\/","og_locale":"fi_FI","og_type":"article","og_title":"Terminen ruiskutus - Millidyne Surface Technology - Tutustu teknologiaan","og_description":"Millidyne kehitt\u00e4\u00e4 ja valmistaa Neoxid -keraami- ja keraamikomposiittijauheita sek\u00e4 plasma- ett\u00e4 HVOF-ruiskutukseen. Lue lis\u00e4\u00e4 teknologiasta.","og_url":"https:\/\/www.millidyne.fi\/fi\/terminen-ruiskutus\/","og_site_name":"Millidyne","article_modified_time":"2020-03-11T10:57:13+00:00","og_image":[{"width":2048,"height":614,"url":"https:\/\/www.millidyne.fi\/wp-content\/uploads\/2019\/08\/DSCN1815-kapea1.jpg","type":"image\/jpeg"}],"twitter_card":"summary_large_image","twitter_misc":{"Arvioitu lukuaika":"1 minuutti"},"schema":{"@context":"https:\/\/schema.org","@graph":[{"@type":"WebPage","@id":"https:\/\/www.millidyne.fi\/fi\/terminen-ruiskutus\/","url":"https:\/\/www.millidyne.fi\/fi\/terminen-ruiskutus\/","name":"Terminen ruiskutus - Millidyne Surface Technology - Tutustu teknologiaan","isPartOf":{"@id":"https:\/\/www.millidyne.fi\/fi\/#website"},"primaryImageOfPage":{"@id":"https:\/\/www.millidyne.fi\/fi\/terminen-ruiskutus\/#primaryimage"},"image":{"@id":"https:\/\/www.millidyne.fi\/fi\/terminen-ruiskutus\/#primaryimage"},"thumbnailUrl":"https:\/\/www.millidyne.fi\/wp-content\/uploads\/2019\/08\/DSCN1815-kapea1.jpg","datePublished":"2018-09-28T07:32:39+00:00","dateModified":"2020-03-11T10:57:13+00:00","description":"Millidyne kehitt\u00e4\u00e4 ja valmistaa Neoxid -keraami- ja keraamikomposiittijauheita sek\u00e4 plasma- ett\u00e4 HVOF-ruiskutukseen. Lue lis\u00e4\u00e4 teknologiasta.","breadcrumb":{"@id":"https:\/\/www.millidyne.fi\/fi\/terminen-ruiskutus\/#breadcrumb"},"inLanguage":"fi","potentialAction":[{"@type":"ReadAction","target":["https:\/\/www.millidyne.fi\/fi\/terminen-ruiskutus\/"]}]},{"@type":"ImageObject","inLanguage":"fi","@id":"https:\/\/www.millidyne.fi\/fi\/terminen-ruiskutus\/#primaryimage","url":"https:\/\/www.millidyne.fi\/wp-content\/uploads\/2019\/08\/DSCN1815-kapea1.jpg","contentUrl":"https:\/\/www.millidyne.fi\/wp-content\/uploads\/2019\/08\/DSCN1815-kapea1.jpg","width":2048,"height":614},{"@type":"BreadcrumbList","@id":"https:\/\/www.millidyne.fi\/fi\/terminen-ruiskutus\/#breadcrumb","itemListElement":[{"@type":"ListItem","position":1,"name":"Home","item":"https:\/\/www.millidyne.fi\/fi\/"},{"@type":"ListItem","position":2,"name":"Terminen ruiskutus"}]},{"@type":"WebSite","@id":"https:\/\/www.millidyne.fi\/fi\/#website","url":"https:\/\/www.millidyne.fi\/fi\/","name":"Millidyne","description":"Millidyne Oy is a technology company founded in 1997.","publisher":{"@id":"https:\/\/www.millidyne.fi\/fi\/#organization"},"potentialAction":[{"@type":"SearchAction","target":{"@type":"EntryPoint","urlTemplate":"https:\/\/www.millidyne.fi\/fi\/?s={search_term_string}"},"query-input":{"@type":"PropertyValueSpecification","valueRequired":true,"valueName":"search_term_string"}}],"inLanguage":"fi"},{"@type":"Organization","@id":"https:\/\/www.millidyne.fi\/fi\/#organization","name":"Millidyne","url":"https:\/\/www.millidyne.fi\/fi\/","logo":{"@type":"ImageObject","inLanguage":"fi","@id":"https:\/\/www.millidyne.fi\/fi\/#\/schema\/logo\/image\/","url":"https:\/\/www.millidyne.fi\/wp-content\/uploads\/2018\/12\/logo.png","contentUrl":"https:\/\/www.millidyne.fi\/wp-content\/uploads\/2018\/12\/logo.png","width":736,"height":157,"caption":"Millidyne"},"image":{"@id":"https:\/\/www.millidyne.fi\/fi\/#\/schema\/logo\/image\/"}}]}},"_links":{"self":[{"href":"https:\/\/www.millidyne.fi\/fi\/wp-json\/wp\/v2\/pages\/242","targetHints":{"allow":["GET"]}}],"collection":[{"href":"https:\/\/www.millidyne.fi\/fi\/wp-json\/wp\/v2\/pages"}],"about":[{"href":"https:\/\/www.millidyne.fi\/fi\/wp-json\/wp\/v2\/types\/page"}],"author":[{"embeddable":true,"href":"https:\/\/www.millidyne.fi\/fi\/wp-json\/wp\/v2\/users\/1"}],"replies":[{"embeddable":true,"href":"https:\/\/www.millidyne.fi\/fi\/wp-json\/wp\/v2\/comments?post=242"}],"version-history":[{"count":10,"href":"https:\/\/www.millidyne.fi\/fi\/wp-json\/wp\/v2\/pages\/242\/revisions"}],"predecessor-version":[{"id":1787,"href":"https:\/\/www.millidyne.fi\/fi\/wp-json\/wp\/v2\/pages\/242\/revisions\/1787"}],"wp:featuredmedia":[{"embeddable":true,"href":"https:\/\/www.millidyne.fi\/fi\/wp-json\/wp\/v2\/media\/909"}],"wp:attachment":[{"href":"https:\/\/www.millidyne.fi\/fi\/wp-json\/wp\/v2\/media?parent=242"}],"curies":[{"name":"wp","href":"https:\/\/api.w.org\/{rel}","templated":true}]}}