{"id":1140,"date":"2019-10-10T09:56:59","date_gmt":"2019-10-10T09:56:59","guid":{"rendered":"https:\/\/www.millidyne.fi\/success-stories\/"},"modified":"2020-02-25T14:27:16","modified_gmt":"2020-02-25T12:27:16","slug":"menestystarinat","status":"publish","type":"page","link":"https:\/\/www.millidyne.fi\/fi\/menestystarinat\/","title":{"rendered":"Menestystarinat"},"content":{"rendered":"<p>Suuri osa toiminnastamme muodostuu asiakasl\u00e4ht\u00f6isten pinnoitteiden kehitt\u00e4misest\u00e4 ja kaupallistamisesta. Alla joitakin esimerkkej\u00e4 onnistuneista asiakasprojekteista.<\/p>\n<div class=\"story\">\n<div class=\"image\"><img loading=\"lazy\" decoding=\"async\" class=\"alignnone size-full wp-image-1299 img-border\" src=\"https:\/\/www.millidyne.fi\/wp-content\/uploads\/2019\/10\/papermach.jpg\" alt=\"\" width=\"250\" height=\"175\" \/><\/div>\n<div class=\"content\">\n<h4><span style=\"color: #63ba00;\">Prosessiteollisuus \u2013 paperikoneen pintojen modifiointi<\/span><\/h4>\n<p><b>Haaste: <\/b>24\/7 toimiva prosessi, jossa pinnat alttiina likaantumiselle, mikrobien kasvulle, korroosiolle ja kulumiselle<\/p>\n<p><b>Ratkaisu: <\/b>Useita r\u00e4\u00e4t\u00e4l\u00f6ityj\u00e4 pinnoitetuotteita koko paperikoneen pituudelta<\/p>\n<\/div>\n<\/div>\n<div class=\"story\">\n<div class=\"image\"><img loading=\"lazy\" decoding=\"async\" class=\"alignnone size-full wp-image-1293 img-border\" src=\"https:\/\/www.millidyne.fi\/wp-content\/uploads\/2019\/10\/clean.jpg\" alt=\"\" width=\"250\" height=\"175\" \/><\/div>\n<div class=\"content\">\n<h4><span style=\"color: #63ba00;\">Rakennusteollisuus \u2013 ilmastoinnin p\u00e4\u00e4telaitteen kontaminoituminen<\/span><\/h4>\n<p><b>Haaste: <\/b>Ilmastoinnin p\u00e4\u00e4telaitteen likaantuminen aiheuttaa energiah\u00e4vi\u00f6it\u00e4<\/p>\n<p><b>Ratkaisu: <\/b>Avalon<sup>&reg;<\/sup> -teknologiaan pohjautuva Cleanvent<sup>&reg;<\/sup> *-pinnoite<\/p>\n<p><span style=\"font-size: 10pt;\">* Cleanvent<sup>&reg;<\/sup> on Fl\u00e4ktGroup:in omistama tavaramerkki<\/span><\/p>\n<\/div>\n<\/div>\n<div class=\"story\">\n<div class=\"image\"><img loading=\"lazy\" decoding=\"async\" class=\"alignnone size-full wp-image-1295 img-border\" src=\"https:\/\/www.millidyne.fi\/wp-content\/uploads\/2019\/10\/hornet-1.jpg\" alt=\"\" width=\"250\" height=\"175\" \/><\/div>\n<div class=\"content\">\n<h4><span style=\"color: #63ba00;\">Sotilasilmailu \u2013 laskutelineiden korroosio<\/span><\/h4>\n<p><b>Haaste: <\/b>Suomen Ilmavoimien k\u00e4ytt\u00e4mien FA-18C Hornet h\u00e4vitt\u00e4jien laskutelineiden korroosio<\/p>\n<p><b>Ratkaisu: <\/b>Avalon<sup>&reg;<\/sup> ECO HP15<\/p>\n<\/div>\n<\/div>\n","protected":false},"excerpt":{"rendered":"<p>Suuri osa toiminnastamme muodostuu asiakasl\u00e4ht\u00f6isten pinnoitteiden kehitt\u00e4misest\u00e4 ja kaupallistamisesta. Alla joitakin esimerkkej\u00e4 onnistuneista asiakasprojekteista. Prosessiteollisuus \u2013 paperikoneen pintojen modifiointi Haaste: 24\/7 toimiva prosessi, jossa pinnat alttiina likaantumiselle, mikrobien kasvulle, korroosiolle ja kulumiselle Ratkaisu: Useita r\u00e4\u00e4t\u00e4l\u00f6ityj\u00e4 pinnoitetuotteita koko paperikoneen pituudelta Rakennusteollisuus \u2013 ilmastoinnin p\u00e4\u00e4telaitteen kontaminoituminen Haaste: Ilmastoinnin p\u00e4\u00e4telaitteen likaantuminen aiheuttaa energiah\u00e4vi\u00f6it\u00e4 Ratkaisu: Avalon&reg; -teknologiaan pohjautuva Cleanvent&reg;&#8230;<\/p>\n","protected":false},"author":1,"featured_media":1261,"parent":0,"menu_order":0,"comment_status":"closed","ping_status":"closed","template":"","meta":{"footnotes":""},"class_list":["post-1140","page","type-page","status-publish","has-post-thumbnail","hentry"],"yoast_head":"<!-- This site is optimized with the Yoast SEO plugin v26.9 - https:\/\/yoast.com\/product\/yoast-seo-wordpress\/ -->\n<title>Menestystarinat - Millidyne Surface Technology - Tutustu asiakast\u00f6ihin<\/title>\n<meta name=\"description\" content=\"Meill\u00e4 on yli 20 vuoden kokemus pinnoitteiden kehitt\u00e4misest\u00e4 ja kaupallistamisesta. My\u00f6s asiakasprojekteja on kertynyt monia. Tutustu menestystarinoihimme!\" \/>\n<meta name=\"robots\" content=\"index, follow, max-snippet:-1, max-image-preview:large, max-video-preview:-1\" \/>\n<link rel=\"canonical\" href=\"https:\/\/www.millidyne.fi\/fi\/menestystarinat\/\" \/>\n<meta property=\"og:locale\" content=\"fi_FI\" \/>\n<meta property=\"og:type\" content=\"article\" \/>\n<meta property=\"og:title\" content=\"Menestystarinat - Millidyne Surface Technology - Tutustu asiakast\u00f6ihin\" \/>\n<meta property=\"og:description\" content=\"Meill\u00e4 on yli 20 vuoden kokemus pinnoitteiden kehitt\u00e4misest\u00e4 ja kaupallistamisesta. My\u00f6s asiakasprojekteja on kertynyt monia. Tutustu menestystarinoihimme!\" \/>\n<meta property=\"og:url\" content=\"https:\/\/www.millidyne.fi\/fi\/menestystarinat\/\" \/>\n<meta property=\"og:site_name\" content=\"Millidyne\" \/>\n<meta property=\"article:modified_time\" content=\"2020-02-25T12:27:16+00:00\" \/>\n<meta property=\"og:image\" content=\"https:\/\/www.millidyne.fi\/wp-content\/uploads\/2019\/10\/00_papermachine.jpg\" \/>\n\t<meta property=\"og:image:width\" content=\"825\" \/>\n\t<meta property=\"og:image:height\" content=\"275\" \/>\n\t<meta property=\"og:image:type\" content=\"image\/jpeg\" \/>\n<meta name=\"twitter:card\" content=\"summary_large_image\" \/>\n<script type=\"application\/ld+json\" class=\"yoast-schema-graph\">{\"@context\":\"https:\/\/schema.org\",\"@graph\":[{\"@type\":\"WebPage\",\"@id\":\"https:\/\/www.millidyne.fi\/fi\/menestystarinat\/\",\"url\":\"https:\/\/www.millidyne.fi\/fi\/menestystarinat\/\",\"name\":\"Menestystarinat - Millidyne Surface Technology - Tutustu asiakast\u00f6ihin\",\"isPartOf\":{\"@id\":\"https:\/\/www.millidyne.fi\/fi\/#website\"},\"primaryImageOfPage\":{\"@id\":\"https:\/\/www.millidyne.fi\/fi\/menestystarinat\/#primaryimage\"},\"image\":{\"@id\":\"https:\/\/www.millidyne.fi\/fi\/menestystarinat\/#primaryimage\"},\"thumbnailUrl\":\"https:\/\/www.millidyne.fi\/wp-content\/uploads\/2019\/10\/00_papermachine.jpg\",\"datePublished\":\"2019-10-10T09:56:59+00:00\",\"dateModified\":\"2020-02-25T12:27:16+00:00\",\"description\":\"Meill\u00e4 on yli 20 vuoden kokemus pinnoitteiden kehitt\u00e4misest\u00e4 ja kaupallistamisesta. My\u00f6s asiakasprojekteja on kertynyt monia. Tutustu menestystarinoihimme!\",\"breadcrumb\":{\"@id\":\"https:\/\/www.millidyne.fi\/fi\/menestystarinat\/#breadcrumb\"},\"inLanguage\":\"fi\",\"potentialAction\":[{\"@type\":\"ReadAction\",\"target\":[\"https:\/\/www.millidyne.fi\/fi\/menestystarinat\/\"]}]},{\"@type\":\"ImageObject\",\"inLanguage\":\"fi\",\"@id\":\"https:\/\/www.millidyne.fi\/fi\/menestystarinat\/#primaryimage\",\"url\":\"https:\/\/www.millidyne.fi\/wp-content\/uploads\/2019\/10\/00_papermachine.jpg\",\"contentUrl\":\"https:\/\/www.millidyne.fi\/wp-content\/uploads\/2019\/10\/00_papermachine.jpg\",\"width\":825,\"height\":275},{\"@type\":\"BreadcrumbList\",\"@id\":\"https:\/\/www.millidyne.fi\/fi\/menestystarinat\/#breadcrumb\",\"itemListElement\":[{\"@type\":\"ListItem\",\"position\":1,\"name\":\"Home\",\"item\":\"https:\/\/www.millidyne.fi\/fi\/\"},{\"@type\":\"ListItem\",\"position\":2,\"name\":\"Menestystarinat\"}]},{\"@type\":\"WebSite\",\"@id\":\"https:\/\/www.millidyne.fi\/fi\/#website\",\"url\":\"https:\/\/www.millidyne.fi\/fi\/\",\"name\":\"Millidyne\",\"description\":\"Millidyne Oy is a technology company founded in 1997.\",\"publisher\":{\"@id\":\"https:\/\/www.millidyne.fi\/fi\/#organization\"},\"potentialAction\":[{\"@type\":\"SearchAction\",\"target\":{\"@type\":\"EntryPoint\",\"urlTemplate\":\"https:\/\/www.millidyne.fi\/fi\/?s={search_term_string}\"},\"query-input\":{\"@type\":\"PropertyValueSpecification\",\"valueRequired\":true,\"valueName\":\"search_term_string\"}}],\"inLanguage\":\"fi\"},{\"@type\":\"Organization\",\"@id\":\"https:\/\/www.millidyne.fi\/fi\/#organization\",\"name\":\"Millidyne\",\"url\":\"https:\/\/www.millidyne.fi\/fi\/\",\"logo\":{\"@type\":\"ImageObject\",\"inLanguage\":\"fi\",\"@id\":\"https:\/\/www.millidyne.fi\/fi\/#\/schema\/logo\/image\/\",\"url\":\"https:\/\/www.millidyne.fi\/wp-content\/uploads\/2018\/12\/logo.png\",\"contentUrl\":\"https:\/\/www.millidyne.fi\/wp-content\/uploads\/2018\/12\/logo.png\",\"width\":736,\"height\":157,\"caption\":\"Millidyne\"},\"image\":{\"@id\":\"https:\/\/www.millidyne.fi\/fi\/#\/schema\/logo\/image\/\"}}]}<\/script>\n<!-- \/ Yoast SEO plugin. -->","yoast_head_json":{"title":"Menestystarinat - Millidyne Surface Technology - Tutustu asiakast\u00f6ihin","description":"Meill\u00e4 on yli 20 vuoden kokemus pinnoitteiden kehitt\u00e4misest\u00e4 ja kaupallistamisesta. My\u00f6s asiakasprojekteja on kertynyt monia. Tutustu menestystarinoihimme!","robots":{"index":"index","follow":"follow","max-snippet":"max-snippet:-1","max-image-preview":"max-image-preview:large","max-video-preview":"max-video-preview:-1"},"canonical":"https:\/\/www.millidyne.fi\/fi\/menestystarinat\/","og_locale":"fi_FI","og_type":"article","og_title":"Menestystarinat - Millidyne Surface Technology - Tutustu asiakast\u00f6ihin","og_description":"Meill\u00e4 on yli 20 vuoden kokemus pinnoitteiden kehitt\u00e4misest\u00e4 ja kaupallistamisesta. My\u00f6s asiakasprojekteja on kertynyt monia. Tutustu menestystarinoihimme!","og_url":"https:\/\/www.millidyne.fi\/fi\/menestystarinat\/","og_site_name":"Millidyne","article_modified_time":"2020-02-25T12:27:16+00:00","og_image":[{"width":825,"height":275,"url":"https:\/\/www.millidyne.fi\/wp-content\/uploads\/2019\/10\/00_papermachine.jpg","type":"image\/jpeg"}],"twitter_card":"summary_large_image","schema":{"@context":"https:\/\/schema.org","@graph":[{"@type":"WebPage","@id":"https:\/\/www.millidyne.fi\/fi\/menestystarinat\/","url":"https:\/\/www.millidyne.fi\/fi\/menestystarinat\/","name":"Menestystarinat - Millidyne Surface Technology - Tutustu asiakast\u00f6ihin","isPartOf":{"@id":"https:\/\/www.millidyne.fi\/fi\/#website"},"primaryImageOfPage":{"@id":"https:\/\/www.millidyne.fi\/fi\/menestystarinat\/#primaryimage"},"image":{"@id":"https:\/\/www.millidyne.fi\/fi\/menestystarinat\/#primaryimage"},"thumbnailUrl":"https:\/\/www.millidyne.fi\/wp-content\/uploads\/2019\/10\/00_papermachine.jpg","datePublished":"2019-10-10T09:56:59+00:00","dateModified":"2020-02-25T12:27:16+00:00","description":"Meill\u00e4 on yli 20 vuoden kokemus pinnoitteiden kehitt\u00e4misest\u00e4 ja kaupallistamisesta. My\u00f6s asiakasprojekteja on kertynyt monia. Tutustu menestystarinoihimme!","breadcrumb":{"@id":"https:\/\/www.millidyne.fi\/fi\/menestystarinat\/#breadcrumb"},"inLanguage":"fi","potentialAction":[{"@type":"ReadAction","target":["https:\/\/www.millidyne.fi\/fi\/menestystarinat\/"]}]},{"@type":"ImageObject","inLanguage":"fi","@id":"https:\/\/www.millidyne.fi\/fi\/menestystarinat\/#primaryimage","url":"https:\/\/www.millidyne.fi\/wp-content\/uploads\/2019\/10\/00_papermachine.jpg","contentUrl":"https:\/\/www.millidyne.fi\/wp-content\/uploads\/2019\/10\/00_papermachine.jpg","width":825,"height":275},{"@type":"BreadcrumbList","@id":"https:\/\/www.millidyne.fi\/fi\/menestystarinat\/#breadcrumb","itemListElement":[{"@type":"ListItem","position":1,"name":"Home","item":"https:\/\/www.millidyne.fi\/fi\/"},{"@type":"ListItem","position":2,"name":"Menestystarinat"}]},{"@type":"WebSite","@id":"https:\/\/www.millidyne.fi\/fi\/#website","url":"https:\/\/www.millidyne.fi\/fi\/","name":"Millidyne","description":"Millidyne Oy is a technology company founded in 1997.","publisher":{"@id":"https:\/\/www.millidyne.fi\/fi\/#organization"},"potentialAction":[{"@type":"SearchAction","target":{"@type":"EntryPoint","urlTemplate":"https:\/\/www.millidyne.fi\/fi\/?s={search_term_string}"},"query-input":{"@type":"PropertyValueSpecification","valueRequired":true,"valueName":"search_term_string"}}],"inLanguage":"fi"},{"@type":"Organization","@id":"https:\/\/www.millidyne.fi\/fi\/#organization","name":"Millidyne","url":"https:\/\/www.millidyne.fi\/fi\/","logo":{"@type":"ImageObject","inLanguage":"fi","@id":"https:\/\/www.millidyne.fi\/fi\/#\/schema\/logo\/image\/","url":"https:\/\/www.millidyne.fi\/wp-content\/uploads\/2018\/12\/logo.png","contentUrl":"https:\/\/www.millidyne.fi\/wp-content\/uploads\/2018\/12\/logo.png","width":736,"height":157,"caption":"Millidyne"},"image":{"@id":"https:\/\/www.millidyne.fi\/fi\/#\/schema\/logo\/image\/"}}]}},"_links":{"self":[{"href":"https:\/\/www.millidyne.fi\/fi\/wp-json\/wp\/v2\/pages\/1140","targetHints":{"allow":["GET"]}}],"collection":[{"href":"https:\/\/www.millidyne.fi\/fi\/wp-json\/wp\/v2\/pages"}],"about":[{"href":"https:\/\/www.millidyne.fi\/fi\/wp-json\/wp\/v2\/types\/page"}],"author":[{"embeddable":true,"href":"https:\/\/www.millidyne.fi\/fi\/wp-json\/wp\/v2\/users\/1"}],"replies":[{"embeddable":true,"href":"https:\/\/www.millidyne.fi\/fi\/wp-json\/wp\/v2\/comments?post=1140"}],"version-history":[{"count":9,"href":"https:\/\/www.millidyne.fi\/fi\/wp-json\/wp\/v2\/pages\/1140\/revisions"}],"predecessor-version":[{"id":1817,"href":"https:\/\/www.millidyne.fi\/fi\/wp-json\/wp\/v2\/pages\/1140\/revisions\/1817"}],"wp:featuredmedia":[{"embeddable":true,"href":"https:\/\/www.millidyne.fi\/fi\/wp-json\/wp\/v2\/media\/1261"}],"wp:attachment":[{"href":"https:\/\/www.millidyne.fi\/fi\/wp-json\/wp\/v2\/media?parent=1140"}],"curies":[{"name":"wp","href":"https:\/\/api.w.org\/{rel}","templated":true}]}}