{"id":1133,"date":"2019-10-10T08:50:38","date_gmt":"2019-10-10T08:50:38","guid":{"rendered":"https:\/\/www.millidyne.fi\/about-us\/"},"modified":"2020-02-25T14:05:37","modified_gmt":"2020-02-25T12:05:37","slug":"about-us","status":"publish","type":"page","link":"https:\/\/www.millidyne.fi\/fi\/about-us\/","title":{"rendered":"Tietoa meist\u00e4"},"content":{"rendered":"<p>Millidyne perustettiin 1997 kaupallistamaan Tampereen Teknillisell\u00e4 Korkeakoululla syntynytt\u00e4 materiaaliteknist\u00e4 innovaatiota. Kykymme ratkaista teollisia ongelmia loi kasvua ja yh\u00e4 laajenevan asiakasjoukon, jolle kehitimme ja valmistimme uusia funktionaalisia pinnoitteita. Investoimme sek\u00e4 tuotekehityslaboratorioon ett\u00e4 pinnoitekemikaalien tuotantoon varmistaaksemme palvelujen ja tuotteiden saatavuuden asiakkaillemme maailmanlaajuisesti.<\/p>\n<p>Siit\u00e4 l\u00e4htien olemme olleet pinnoiteteknologian eturintamassa kehitt\u00e4en ja valmistaen funktionaalisia pinnoitteita sek\u00e4 termisen ruiskutuksen lis\u00e4aineita. Valmet Technologies, maailmanjohtava paperi- ja selluteollisuuden koneiden ja laitteiden toimittaja, on valinnut Millidynen strategiseksi toimittajakseen.<\/p>\n","protected":false},"excerpt":{"rendered":"<p>Millidyne perustettiin 1997 kaupallistamaan Tampereen Teknillisell\u00e4 Korkeakoululla syntynytt\u00e4 materiaaliteknist\u00e4 innovaatiota. Kykymme ratkaista teollisia ongelmia loi kasvua ja yh\u00e4 laajenevan asiakasjoukon, jolle kehitimme ja valmistimme uusia funktionaalisia pinnoitteita. Investoimme sek\u00e4 tuotekehityslaboratorioon ett\u00e4 pinnoitekemikaalien tuotantoon varmistaaksemme palvelujen ja tuotteiden saatavuuden asiakkaillemme maailmanlaajuisesti. Siit\u00e4 l\u00e4htien olemme olleet pinnoiteteknologian eturintamassa kehitt\u00e4en ja valmistaen funktionaalisia pinnoitteita sek\u00e4 termisen ruiskutuksen lis\u00e4aineita&#8230;.<\/p>\n","protected":false},"author":1,"featured_media":1814,"parent":0,"menu_order":0,"comment_status":"closed","ping_status":"closed","template":"","meta":{"footnotes":""},"class_list":["post-1133","page","type-page","status-publish","has-post-thumbnail","hentry"],"yoast_head":"<!-- This site is optimized with the Yoast SEO plugin v26.9 - https:\/\/yoast.com\/product\/yoast-seo-wordpress\/ -->\n<title>Tietoa meist\u00e4 - Millidyne Surface Technology -pinnoitus<\/title>\n<meta name=\"description\" content=\"Millidyne perustettiin 1997 kaupallistamaan Tampereen Teknillisell\u00e4 Korkeakoululla syntynytt\u00e4 materiaaliteknist\u00e4 innovaatiota. Tutustu tarinaamme!\" \/>\n<meta name=\"robots\" content=\"index, follow, max-snippet:-1, max-image-preview:large, max-video-preview:-1\" \/>\n<link rel=\"canonical\" href=\"https:\/\/www.millidyne.fi\/fi\/about-us\/\" \/>\n<meta property=\"og:locale\" content=\"fi_FI\" \/>\n<meta property=\"og:type\" content=\"article\" \/>\n<meta property=\"og:title\" content=\"Tietoa meist\u00e4 - Millidyne Surface Technology -pinnoitus\" \/>\n<meta property=\"og:description\" content=\"Millidyne perustettiin 1997 kaupallistamaan Tampereen Teknillisell\u00e4 Korkeakoululla syntynytt\u00e4 materiaaliteknist\u00e4 innovaatiota. Tutustu tarinaamme!\" \/>\n<meta property=\"og:url\" content=\"https:\/\/www.millidyne.fi\/fi\/about-us\/\" \/>\n<meta property=\"og:site_name\" content=\"Millidyne\" \/>\n<meta property=\"article:modified_time\" content=\"2020-02-25T12:05:37+00:00\" \/>\n<meta property=\"og:image\" content=\"https:\/\/www.millidyne.fi\/wp-content\/uploads\/2019\/12\/shutterstock_512355736kapea.jpg\" \/>\n\t<meta property=\"og:image:width\" content=\"1000\" \/>\n\t<meta property=\"og:image:height\" content=\"508\" \/>\n\t<meta property=\"og:image:type\" content=\"image\/jpeg\" \/>\n<meta name=\"twitter:card\" content=\"summary_large_image\" \/>\n<script type=\"application\/ld+json\" class=\"yoast-schema-graph\">{\"@context\":\"https:\/\/schema.org\",\"@graph\":[{\"@type\":\"WebPage\",\"@id\":\"https:\/\/www.millidyne.fi\/fi\/about-us\/\",\"url\":\"https:\/\/www.millidyne.fi\/fi\/about-us\/\",\"name\":\"Tietoa meist\u00e4 - Millidyne Surface Technology -pinnoitus\",\"isPartOf\":{\"@id\":\"https:\/\/www.millidyne.fi\/fi\/#website\"},\"primaryImageOfPage\":{\"@id\":\"https:\/\/www.millidyne.fi\/fi\/about-us\/#primaryimage\"},\"image\":{\"@id\":\"https:\/\/www.millidyne.fi\/fi\/about-us\/#primaryimage\"},\"thumbnailUrl\":\"https:\/\/www.millidyne.fi\/wp-content\/uploads\/2019\/12\/shutterstock_512355736kapea.jpg\",\"datePublished\":\"2019-10-10T08:50:38+00:00\",\"dateModified\":\"2020-02-25T12:05:37+00:00\",\"description\":\"Millidyne perustettiin 1997 kaupallistamaan Tampereen Teknillisell\u00e4 Korkeakoululla syntynytt\u00e4 materiaaliteknist\u00e4 innovaatiota. Tutustu tarinaamme!\",\"breadcrumb\":{\"@id\":\"https:\/\/www.millidyne.fi\/fi\/about-us\/#breadcrumb\"},\"inLanguage\":\"fi\",\"potentialAction\":[{\"@type\":\"ReadAction\",\"target\":[\"https:\/\/www.millidyne.fi\/fi\/about-us\/\"]}]},{\"@type\":\"ImageObject\",\"inLanguage\":\"fi\",\"@id\":\"https:\/\/www.millidyne.fi\/fi\/about-us\/#primaryimage\",\"url\":\"https:\/\/www.millidyne.fi\/wp-content\/uploads\/2019\/12\/shutterstock_512355736kapea.jpg\",\"contentUrl\":\"https:\/\/www.millidyne.fi\/wp-content\/uploads\/2019\/12\/shutterstock_512355736kapea.jpg\",\"width\":1000,\"height\":508},{\"@type\":\"BreadcrumbList\",\"@id\":\"https:\/\/www.millidyne.fi\/fi\/about-us\/#breadcrumb\",\"itemListElement\":[{\"@type\":\"ListItem\",\"position\":1,\"name\":\"Home\",\"item\":\"https:\/\/www.millidyne.fi\/fi\/\"},{\"@type\":\"ListItem\",\"position\":2,\"name\":\"Tietoa meist\u00e4\"}]},{\"@type\":\"WebSite\",\"@id\":\"https:\/\/www.millidyne.fi\/fi\/#website\",\"url\":\"https:\/\/www.millidyne.fi\/fi\/\",\"name\":\"Millidyne\",\"description\":\"Millidyne Oy is a technology company founded in 1997.\",\"publisher\":{\"@id\":\"https:\/\/www.millidyne.fi\/fi\/#organization\"},\"potentialAction\":[{\"@type\":\"SearchAction\",\"target\":{\"@type\":\"EntryPoint\",\"urlTemplate\":\"https:\/\/www.millidyne.fi\/fi\/?s={search_term_string}\"},\"query-input\":{\"@type\":\"PropertyValueSpecification\",\"valueRequired\":true,\"valueName\":\"search_term_string\"}}],\"inLanguage\":\"fi\"},{\"@type\":\"Organization\",\"@id\":\"https:\/\/www.millidyne.fi\/fi\/#organization\",\"name\":\"Millidyne\",\"url\":\"https:\/\/www.millidyne.fi\/fi\/\",\"logo\":{\"@type\":\"ImageObject\",\"inLanguage\":\"fi\",\"@id\":\"https:\/\/www.millidyne.fi\/fi\/#\/schema\/logo\/image\/\",\"url\":\"https:\/\/www.millidyne.fi\/wp-content\/uploads\/2018\/12\/logo.png\",\"contentUrl\":\"https:\/\/www.millidyne.fi\/wp-content\/uploads\/2018\/12\/logo.png\",\"width\":736,\"height\":157,\"caption\":\"Millidyne\"},\"image\":{\"@id\":\"https:\/\/www.millidyne.fi\/fi\/#\/schema\/logo\/image\/\"}}]}<\/script>\n<!-- \/ Yoast SEO plugin. -->","yoast_head_json":{"title":"Tietoa meist\u00e4 - Millidyne Surface Technology -pinnoitus","description":"Millidyne perustettiin 1997 kaupallistamaan Tampereen Teknillisell\u00e4 Korkeakoululla syntynytt\u00e4 materiaaliteknist\u00e4 innovaatiota. Tutustu tarinaamme!","robots":{"index":"index","follow":"follow","max-snippet":"max-snippet:-1","max-image-preview":"max-image-preview:large","max-video-preview":"max-video-preview:-1"},"canonical":"https:\/\/www.millidyne.fi\/fi\/about-us\/","og_locale":"fi_FI","og_type":"article","og_title":"Tietoa meist\u00e4 - Millidyne Surface Technology -pinnoitus","og_description":"Millidyne perustettiin 1997 kaupallistamaan Tampereen Teknillisell\u00e4 Korkeakoululla syntynytt\u00e4 materiaaliteknist\u00e4 innovaatiota. Tutustu tarinaamme!","og_url":"https:\/\/www.millidyne.fi\/fi\/about-us\/","og_site_name":"Millidyne","article_modified_time":"2020-02-25T12:05:37+00:00","og_image":[{"width":1000,"height":508,"url":"https:\/\/www.millidyne.fi\/wp-content\/uploads\/2019\/12\/shutterstock_512355736kapea.jpg","type":"image\/jpeg"}],"twitter_card":"summary_large_image","schema":{"@context":"https:\/\/schema.org","@graph":[{"@type":"WebPage","@id":"https:\/\/www.millidyne.fi\/fi\/about-us\/","url":"https:\/\/www.millidyne.fi\/fi\/about-us\/","name":"Tietoa meist\u00e4 - Millidyne Surface Technology -pinnoitus","isPartOf":{"@id":"https:\/\/www.millidyne.fi\/fi\/#website"},"primaryImageOfPage":{"@id":"https:\/\/www.millidyne.fi\/fi\/about-us\/#primaryimage"},"image":{"@id":"https:\/\/www.millidyne.fi\/fi\/about-us\/#primaryimage"},"thumbnailUrl":"https:\/\/www.millidyne.fi\/wp-content\/uploads\/2019\/12\/shutterstock_512355736kapea.jpg","datePublished":"2019-10-10T08:50:38+00:00","dateModified":"2020-02-25T12:05:37+00:00","description":"Millidyne perustettiin 1997 kaupallistamaan Tampereen Teknillisell\u00e4 Korkeakoululla syntynytt\u00e4 materiaaliteknist\u00e4 innovaatiota. Tutustu tarinaamme!","breadcrumb":{"@id":"https:\/\/www.millidyne.fi\/fi\/about-us\/#breadcrumb"},"inLanguage":"fi","potentialAction":[{"@type":"ReadAction","target":["https:\/\/www.millidyne.fi\/fi\/about-us\/"]}]},{"@type":"ImageObject","inLanguage":"fi","@id":"https:\/\/www.millidyne.fi\/fi\/about-us\/#primaryimage","url":"https:\/\/www.millidyne.fi\/wp-content\/uploads\/2019\/12\/shutterstock_512355736kapea.jpg","contentUrl":"https:\/\/www.millidyne.fi\/wp-content\/uploads\/2019\/12\/shutterstock_512355736kapea.jpg","width":1000,"height":508},{"@type":"BreadcrumbList","@id":"https:\/\/www.millidyne.fi\/fi\/about-us\/#breadcrumb","itemListElement":[{"@type":"ListItem","position":1,"name":"Home","item":"https:\/\/www.millidyne.fi\/fi\/"},{"@type":"ListItem","position":2,"name":"Tietoa meist\u00e4"}]},{"@type":"WebSite","@id":"https:\/\/www.millidyne.fi\/fi\/#website","url":"https:\/\/www.millidyne.fi\/fi\/","name":"Millidyne","description":"Millidyne Oy is a technology company founded in 1997.","publisher":{"@id":"https:\/\/www.millidyne.fi\/fi\/#organization"},"potentialAction":[{"@type":"SearchAction","target":{"@type":"EntryPoint","urlTemplate":"https:\/\/www.millidyne.fi\/fi\/?s={search_term_string}"},"query-input":{"@type":"PropertyValueSpecification","valueRequired":true,"valueName":"search_term_string"}}],"inLanguage":"fi"},{"@type":"Organization","@id":"https:\/\/www.millidyne.fi\/fi\/#organization","name":"Millidyne","url":"https:\/\/www.millidyne.fi\/fi\/","logo":{"@type":"ImageObject","inLanguage":"fi","@id":"https:\/\/www.millidyne.fi\/fi\/#\/schema\/logo\/image\/","url":"https:\/\/www.millidyne.fi\/wp-content\/uploads\/2018\/12\/logo.png","contentUrl":"https:\/\/www.millidyne.fi\/wp-content\/uploads\/2018\/12\/logo.png","width":736,"height":157,"caption":"Millidyne"},"image":{"@id":"https:\/\/www.millidyne.fi\/fi\/#\/schema\/logo\/image\/"}}]}},"_links":{"self":[{"href":"https:\/\/www.millidyne.fi\/fi\/wp-json\/wp\/v2\/pages\/1133","targetHints":{"allow":["GET"]}}],"collection":[{"href":"https:\/\/www.millidyne.fi\/fi\/wp-json\/wp\/v2\/pages"}],"about":[{"href":"https:\/\/www.millidyne.fi\/fi\/wp-json\/wp\/v2\/types\/page"}],"author":[{"embeddable":true,"href":"https:\/\/www.millidyne.fi\/fi\/wp-json\/wp\/v2\/users\/1"}],"replies":[{"embeddable":true,"href":"https:\/\/www.millidyne.fi\/fi\/wp-json\/wp\/v2\/comments?post=1133"}],"version-history":[{"count":13,"href":"https:\/\/www.millidyne.fi\/fi\/wp-json\/wp\/v2\/pages\/1133\/revisions"}],"predecessor-version":[{"id":1769,"href":"https:\/\/www.millidyne.fi\/fi\/wp-json\/wp\/v2\/pages\/1133\/revisions\/1769"}],"wp:featuredmedia":[{"embeddable":true,"href":"https:\/\/www.millidyne.fi\/fi\/wp-json\/wp\/v2\/media\/1814"}],"wp:attachment":[{"href":"https:\/\/www.millidyne.fi\/fi\/wp-json\/wp\/v2\/media?parent=1133"}],"curies":[{"name":"wp","href":"https:\/\/api.w.org\/{rel}","templated":true}]}}